{"id":1469,"date":"2015-03-23T13:14:06","date_gmt":"2015-03-23T12:14:06","guid":{"rendered":"http:\/\/www.artbarcelona.es\/circuit\/?page_id=1469"},"modified":"2018-05-16T10:59:28","modified_gmt":"2018-05-16T09:59:28","slug":"aviso-legal","status":"publish","type":"page","link":"https:\/\/www.artbarcelona.es\/circuit\/es\/aviso-legal\/","title":{"rendered":"Aviso Legal"},"content":{"rendered":"<p>El sitio web d\u2019Art Barcelona \u2013 Associaci\u00f3 de galeries (www.artbarcelona.es y www.barcelonagalleryweekend.com o \u201cla web\u201d) y todos los materiales, informaci\u00f3n, textos, sonidos, im\u00e1genes, productos y servicios (colectivamente, el \u00abmaterial\u00bb) a los que se accede a trav\u00e9s de www.artbarcelona.es i www.barcelonagalleryweekend.com se proporcionan sin ning\u00fan tipo de garant\u00eda o representaci\u00f3n.<\/p>\n<p>www.artbarcelona.es y www.barcelonagalleryweekend.com pueden contener o estar vinculado a material creado o enviado por parte de terceros (el \u00abmaterial de terceros\u00bb). El material de terceros no representa necesariamente una opini\u00f3n o punto de vista de Art Barcelona \u2013 Associaci\u00f3 de galeries. Art Barcelona \u2013 Associaci\u00f3 de galeries no est\u00e1 obligado a controlar, vigilar, aprobar ni garantizar el material de terceros. Art Barcelona \u2013 Associaci\u00f3 de galeries no ser\u00e1 responsable en ning\u00fan caso, ni directa ni indirectamente, de los posibles da\u00f1os o p\u00e9rdidas causados o supuestamente causados por el uso o dependencia de cualquier material disponible a trav\u00e9s del sitio web. Art Barcelona \u2013 Associaci\u00f3 de galeries se exime de cualquier responsabilidad por los da\u00f1os resultantes de descargar o acceder a cualquier material a trav\u00e9s del sitio web.<\/p>\n<p>El material del sitio web est\u00e1 sujeto a cambios sin previo aviso.<\/p>\n","protected":false},"excerpt":{"rendered":"<p>El sitio web d\u2019Art Barcelona \u2013 Associaci\u00f3 de galeries (www.artbarcelona.es y www.barcelonagalleryweekend.com o \u201cla web\u201d) y todos los materiales, informaci\u00f3n, textos, sonidos, im\u00e1genes, productos y servicios (colectivamente, el \u00abmaterial\u00bb) a los que se accede a trav\u00e9s de www.artbarcelona.es i www.barcelonagalleryweekend.com se proporcionan sin ning\u00fan tipo de garant\u00eda o representaci\u00f3n. www.artbarcelona.es y www.barcelonagalleryweekend.com pueden contener o [&hellip;]<\/p>\n","protected":false},"author":1,"featured_media":0,"parent":0,"menu_order":0,"comment_status":"open","ping_status":"open","template":"","meta":{"_acf_changed":false,"footnotes":""},"class_list":["post-1469","page","type-page","status-publish","hentry"],"yoast_head":"<!-- This site is optimized with the Yoast SEO plugin v27.0 - https:\/\/yoast.com\/product\/yoast-seo-wordpress\/ -->\n<title>Aviso Legal - Circuit d\u2019Art Contemporani<\/title>\n<meta name=\"robots\" content=\"index, follow, max-snippet:-1, max-image-preview:large, max-video-preview:-1\" \/>\n<link rel=\"canonical\" href=\"https:\/\/www.artbarcelona.es\/circuit\/es\/aviso-legal\/\" \/>\n<meta property=\"og:locale\" content=\"es_ES\" \/>\n<meta property=\"og:type\" content=\"article\" \/>\n<meta property=\"og:title\" content=\"Aviso Legal - Circuit d\u2019Art Contemporani\" \/>\n<meta property=\"og:description\" content=\"El sitio web d\u2019Art Barcelona \u2013 Associaci\u00f3 de galeries (www.artbarcelona.es y www.barcelonagalleryweekend.com o \u201cla web\u201d) y todos los materiales, informaci\u00f3n, textos, sonidos, im\u00e1genes, productos y servicios (colectivamente, el \u00abmaterial\u00bb) a los que se accede a trav\u00e9s de www.artbarcelona.es i www.barcelonagalleryweekend.com se proporcionan sin ning\u00fan tipo de garant\u00eda o representaci\u00f3n. www.artbarcelona.es y www.barcelonagalleryweekend.com pueden contener o [&hellip;]\" \/>\n<meta property=\"og:url\" content=\"https:\/\/www.artbarcelona.es\/circuit\/es\/aviso-legal\/\" \/>\n<meta property=\"og:site_name\" content=\"Circuit d\u2019Art Contemporani\" \/>\n<meta property=\"article:modified_time\" content=\"2018-05-16T09:59:28+00:00\" \/>\n<meta name=\"twitter:card\" content=\"summary_large_image\" \/>\n<meta name=\"twitter:label1\" content=\"Tiempo de lectura\" \/>\n\t<meta name=\"twitter:data1\" content=\"1 minuto\" \/>\n<script type=\"application\/ld+json\" class=\"yoast-schema-graph\">{\"@context\":\"https:\/\/schema.org\",\"@graph\":[{\"@type\":\"WebPage\",\"@id\":\"https:\/\/www.artbarcelona.es\/circuit\/es\/aviso-legal\/\",\"url\":\"https:\/\/www.artbarcelona.es\/circuit\/es\/aviso-legal\/\",\"name\":\"Aviso Legal - Circuit d\u2019Art Contemporani\",\"isPartOf\":{\"@id\":\"https:\/\/www.artbarcelona.es\/circuit\/en\/#website\"},\"datePublished\":\"2015-03-23T12:14:06+00:00\",\"dateModified\":\"2018-05-16T09:59:28+00:00\",\"breadcrumb\":{\"@id\":\"https:\/\/www.artbarcelona.es\/circuit\/es\/aviso-legal\/#breadcrumb\"},\"inLanguage\":\"es\",\"potentialAction\":[{\"@type\":\"ReadAction\",\"target\":[\"https:\/\/www.artbarcelona.es\/circuit\/es\/aviso-legal\/\"]}]},{\"@type\":\"BreadcrumbList\",\"@id\":\"https:\/\/www.artbarcelona.es\/circuit\/es\/aviso-legal\/#breadcrumb\",\"itemListElement\":[{\"@type\":\"ListItem\",\"position\":1,\"name\":\"Inici\",\"item\":\"https:\/\/www.artbarcelona.es\/circuit\/es\/\"},{\"@type\":\"ListItem\",\"position\":2,\"name\":\"Aviso Legal\"}]},{\"@type\":\"WebSite\",\"@id\":\"https:\/\/www.artbarcelona.es\/circuit\/en\/#website\",\"url\":\"https:\/\/www.artbarcelona.es\/circuit\/en\/\",\"name\":\"Circuit d\u2019Art Contemporani\",\"description\":\"Altre lloc gestionat amb el WordPress\",\"potentialAction\":[{\"@type\":\"SearchAction\",\"target\":{\"@type\":\"EntryPoint\",\"urlTemplate\":\"https:\/\/www.artbarcelona.es\/circuit\/en\/?s={search_term_string}\"},\"query-input\":{\"@type\":\"PropertyValueSpecification\",\"valueRequired\":true,\"valueName\":\"search_term_string\"}}],\"inLanguage\":\"es\"}]}<\/script>\n<!-- \/ Yoast SEO plugin. -->","yoast_head_json":{"title":"Aviso Legal - Circuit d\u2019Art Contemporani","robots":{"index":"index","follow":"follow","max-snippet":"max-snippet:-1","max-image-preview":"max-image-preview:large","max-video-preview":"max-video-preview:-1"},"canonical":"https:\/\/www.artbarcelona.es\/circuit\/es\/aviso-legal\/","og_locale":"es_ES","og_type":"article","og_title":"Aviso Legal - Circuit d\u2019Art Contemporani","og_description":"El sitio web d\u2019Art Barcelona \u2013 Associaci\u00f3 de galeries (www.artbarcelona.es y www.barcelonagalleryweekend.com o \u201cla web\u201d) y todos los materiales, informaci\u00f3n, textos, sonidos, im\u00e1genes, productos y servicios (colectivamente, el \u00abmaterial\u00bb) a los que se accede a trav\u00e9s de www.artbarcelona.es i www.barcelonagalleryweekend.com se proporcionan sin ning\u00fan tipo de garant\u00eda o representaci\u00f3n. www.artbarcelona.es y www.barcelonagalleryweekend.com pueden contener o [&hellip;]","og_url":"https:\/\/www.artbarcelona.es\/circuit\/es\/aviso-legal\/","og_site_name":"Circuit d\u2019Art Contemporani","article_modified_time":"2018-05-16T09:59:28+00:00","twitter_card":"summary_large_image","twitter_misc":{"Tiempo de lectura":"1 minuto"},"schema":{"@context":"https:\/\/schema.org","@graph":[{"@type":"WebPage","@id":"https:\/\/www.artbarcelona.es\/circuit\/es\/aviso-legal\/","url":"https:\/\/www.artbarcelona.es\/circuit\/es\/aviso-legal\/","name":"Aviso Legal - Circuit d\u2019Art Contemporani","isPartOf":{"@id":"https:\/\/www.artbarcelona.es\/circuit\/en\/#website"},"datePublished":"2015-03-23T12:14:06+00:00","dateModified":"2018-05-16T09:59:28+00:00","breadcrumb":{"@id":"https:\/\/www.artbarcelona.es\/circuit\/es\/aviso-legal\/#breadcrumb"},"inLanguage":"es","potentialAction":[{"@type":"ReadAction","target":["https:\/\/www.artbarcelona.es\/circuit\/es\/aviso-legal\/"]}]},{"@type":"BreadcrumbList","@id":"https:\/\/www.artbarcelona.es\/circuit\/es\/aviso-legal\/#breadcrumb","itemListElement":[{"@type":"ListItem","position":1,"name":"Inici","item":"https:\/\/www.artbarcelona.es\/circuit\/es\/"},{"@type":"ListItem","position":2,"name":"Aviso Legal"}]},{"@type":"WebSite","@id":"https:\/\/www.artbarcelona.es\/circuit\/en\/#website","url":"https:\/\/www.artbarcelona.es\/circuit\/en\/","name":"Circuit d\u2019Art Contemporani","description":"Altre lloc gestionat amb el WordPress","potentialAction":[{"@type":"SearchAction","target":{"@type":"EntryPoint","urlTemplate":"https:\/\/www.artbarcelona.es\/circuit\/en\/?s={search_term_string}"},"query-input":{"@type":"PropertyValueSpecification","valueRequired":true,"valueName":"search_term_string"}}],"inLanguage":"es"}]}},"acf":[],"_links":{"self":[{"href":"https:\/\/www.artbarcelona.es\/circuit\/es\/wp-json\/wp\/v2\/pages\/1469","targetHints":{"allow":["GET"]}}],"collection":[{"href":"https:\/\/www.artbarcelona.es\/circuit\/es\/wp-json\/wp\/v2\/pages"}],"about":[{"href":"https:\/\/www.artbarcelona.es\/circuit\/es\/wp-json\/wp\/v2\/types\/page"}],"author":[{"embeddable":true,"href":"https:\/\/www.artbarcelona.es\/circuit\/es\/wp-json\/wp\/v2\/users\/1"}],"replies":[{"embeddable":true,"href":"https:\/\/www.artbarcelona.es\/circuit\/es\/wp-json\/wp\/v2\/comments?post=1469"}],"version-history":[{"count":2,"href":"https:\/\/www.artbarcelona.es\/circuit\/es\/wp-json\/wp\/v2\/pages\/1469\/revisions"}],"predecessor-version":[{"id":6301,"href":"https:\/\/www.artbarcelona.es\/circuit\/es\/wp-json\/wp\/v2\/pages\/1469\/revisions\/6301"}],"wp:attachment":[{"href":"https:\/\/www.artbarcelona.es\/circuit\/es\/wp-json\/wp\/v2\/media?parent=1469"}],"curies":[{"name":"wp","href":"https:\/\/api.w.org\/{rel}","templated":true}]}}