{"id":632,"date":"2015-02-25T16:17:12","date_gmt":"2015-02-25T15:17:12","guid":{"rendered":"http:\/\/www.artbarcelona.es\/circuit\/?page_id=632"},"modified":"2015-04-29T10:21:04","modified_gmt":"2015-04-29T09:21:04","slug":"el-circuito","status":"publish","type":"page","link":"https:\/\/www.artbarcelona.es\/circuit\/es\/el-circuito\/","title":{"rendered":"El Circuito"},"content":{"rendered":"<div class=\"container--gamma\"><!-- Article--><\/p>\n<div class=\"article u_pb-1\"><!-- T\u00edtol--><br \/>\n<!-- Data--><br \/>\n<!-- Subt\u00edtol--><br \/>\n<!-- Horari--><br \/>\n<!-- Entradeta destacada--><\/p>\n<h4 class=\"article__lead\">Una red dedicada al arte contempor\u00e1neo, que re\u00fane la programaci\u00f3n de las principales galer\u00edas, museos, fundaciones y centros de arte de Barcelona.<\/h4>\n<p><!-- Text llarg--><\/p>\n<div class=\"article__body\">\n<p>El Circuito acerca el arte contempor\u00e1neo \u00a0al ciudadano, facilit\u00e1ndole toda la informaci\u00f3n que necesita sobre la escena art\u00edstica de Barcelona.<\/p>\n<p>Damos visibilidad a los espacios que destacan por su compromiso con la creaci\u00f3n actual, se\u00f1aliz\u00e1ndolos con nuestro icono: una pastilla que, en rosa o azul, indica si se trata de una galer\u00eda, o bien de un museo, fundaci\u00f3n o centro de arte.<\/p>\n<p>Este elemento urbano es, adem\u00e1s, interactivo: desde se puede conocer toda la programaci\u00f3n de los espacios y conectar con la plataforma Barcelona Contactless\u00a0a trav\u00e9s del<em> smartphone<\/em>, mediante c\u00f3digo QR o dispositivo <em>contactless.<\/em><\/p>\n<p>Tambi\u00e9n editamos mapas-gu\u00eda en papel con la informaci\u00f3n de los centros de arte y galer\u00edas del Circuito. Se pueden encontrar en hoteles, en las galer\u00edas\u00a0 y\u00a0 en los principales centros culturales de la ciudad.<\/p>\n<p>Con estas herramientas se puede planificar la visita, elaborando rutas adaptadas a las preferencias. Desde <span style=\"text-decoration: underline\"><a href=\"http:\/\/www.artbarcelona.es\/circuit\/es\/rutas\/\" target=\"_blank\">aqu\u00ed<\/a>\u00a0<\/span>ofrecemos algunas\u00a0con las que comenzar\u2026<\/p>\n<\/div>\n<p><!-- Compartir--><\/p>\n<\/div>\n<\/div>\n","protected":false},"excerpt":{"rendered":"<p>Una red dedicada al arte contempor\u00e1neo, que re\u00fane la programaci\u00f3n de las principales galer\u00edas, museos, fundaciones y centros de arte de Barcelona. El Circuito acerca el arte contempor\u00e1neo \u00a0al ciudadano, facilit\u00e1ndole toda la informaci\u00f3n que necesita sobre la escena art\u00edstica de Barcelona. Damos visibilidad a los espacios que destacan por su compromiso con la creaci\u00f3n [&hellip;]<\/p>\n","protected":false},"author":1,"featured_media":0,"parent":0,"menu_order":0,"comment_status":"open","ping_status":"open","template":"template-circuit-how-are-we.php","meta":{"_acf_changed":false,"footnotes":""},"class_list":["post-632","page","type-page","status-publish","hentry"],"yoast_head":"<!-- This site is optimized with the Yoast SEO plugin v27.0 - https:\/\/yoast.com\/product\/yoast-seo-wordpress\/ -->\n<title>El Circuito - Circuit d\u2019Art Contemporani<\/title>\n<meta name=\"robots\" content=\"index, follow, max-snippet:-1, max-image-preview:large, max-video-preview:-1\" \/>\n<link rel=\"canonical\" href=\"https:\/\/www.artbarcelona.es\/circuit\/es\/el-circuito\/\" \/>\n<meta property=\"og:locale\" content=\"es_ES\" \/>\n<meta property=\"og:type\" content=\"article\" \/>\n<meta property=\"og:title\" content=\"El Circuito - Circuit d\u2019Art Contemporani\" \/>\n<meta property=\"og:description\" content=\"Una red dedicada al arte contempor\u00e1neo, que re\u00fane la programaci\u00f3n de las principales galer\u00edas, museos, fundaciones y centros de arte de Barcelona. El Circuito acerca el arte contempor\u00e1neo \u00a0al ciudadano, facilit\u00e1ndole toda la informaci\u00f3n que necesita sobre la escena art\u00edstica de Barcelona. Damos visibilidad a los espacios que destacan por su compromiso con la creaci\u00f3n [&hellip;]\" \/>\n<meta property=\"og:url\" content=\"https:\/\/www.artbarcelona.es\/circuit\/es\/el-circuito\/\" \/>\n<meta property=\"og:site_name\" content=\"Circuit d\u2019Art Contemporani\" \/>\n<meta property=\"article:modified_time\" content=\"2015-04-29T09:21:04+00:00\" \/>\n<meta name=\"twitter:card\" content=\"summary_large_image\" \/>\n<meta name=\"twitter:label1\" content=\"Tiempo de lectura\" \/>\n\t<meta name=\"twitter:data1\" content=\"1 minuto\" \/>\n<script type=\"application\/ld+json\" class=\"yoast-schema-graph\">{\"@context\":\"https:\/\/schema.org\",\"@graph\":[{\"@type\":\"WebPage\",\"@id\":\"https:\/\/www.artbarcelona.es\/circuit\/es\/el-circuito\/\",\"url\":\"https:\/\/www.artbarcelona.es\/circuit\/es\/el-circuito\/\",\"name\":\"El Circuito - Circuit d\u2019Art Contemporani\",\"isPartOf\":{\"@id\":\"https:\/\/www.artbarcelona.es\/circuit\/en\/#website\"},\"datePublished\":\"2015-02-25T15:17:12+00:00\",\"dateModified\":\"2015-04-29T09:21:04+00:00\",\"breadcrumb\":{\"@id\":\"https:\/\/www.artbarcelona.es\/circuit\/es\/el-circuito\/#breadcrumb\"},\"inLanguage\":\"es\",\"potentialAction\":[{\"@type\":\"ReadAction\",\"target\":[\"https:\/\/www.artbarcelona.es\/circuit\/es\/el-circuito\/\"]}]},{\"@type\":\"BreadcrumbList\",\"@id\":\"https:\/\/www.artbarcelona.es\/circuit\/es\/el-circuito\/#breadcrumb\",\"itemListElement\":[{\"@type\":\"ListItem\",\"position\":1,\"name\":\"Inici\",\"item\":\"https:\/\/www.artbarcelona.es\/circuit\/es\/\"},{\"@type\":\"ListItem\",\"position\":2,\"name\":\"El Circuito\"}]},{\"@type\":\"WebSite\",\"@id\":\"https:\/\/www.artbarcelona.es\/circuit\/en\/#website\",\"url\":\"https:\/\/www.artbarcelona.es\/circuit\/en\/\",\"name\":\"Circuit d\u2019Art Contemporani\",\"description\":\"Altre lloc gestionat amb el WordPress\",\"potentialAction\":[{\"@type\":\"SearchAction\",\"target\":{\"@type\":\"EntryPoint\",\"urlTemplate\":\"https:\/\/www.artbarcelona.es\/circuit\/en\/?s={search_term_string}\"},\"query-input\":{\"@type\":\"PropertyValueSpecification\",\"valueRequired\":true,\"valueName\":\"search_term_string\"}}],\"inLanguage\":\"es\"}]}<\/script>\n<!-- \/ Yoast SEO plugin. -->","yoast_head_json":{"title":"El Circuito - Circuit d\u2019Art Contemporani","robots":{"index":"index","follow":"follow","max-snippet":"max-snippet:-1","max-image-preview":"max-image-preview:large","max-video-preview":"max-video-preview:-1"},"canonical":"https:\/\/www.artbarcelona.es\/circuit\/es\/el-circuito\/","og_locale":"es_ES","og_type":"article","og_title":"El Circuito - Circuit d\u2019Art Contemporani","og_description":"Una red dedicada al arte contempor\u00e1neo, que re\u00fane la programaci\u00f3n de las principales galer\u00edas, museos, fundaciones y centros de arte de Barcelona. El Circuito acerca el arte contempor\u00e1neo \u00a0al ciudadano, facilit\u00e1ndole toda la informaci\u00f3n que necesita sobre la escena art\u00edstica de Barcelona. Damos visibilidad a los espacios que destacan por su compromiso con la creaci\u00f3n [&hellip;]","og_url":"https:\/\/www.artbarcelona.es\/circuit\/es\/el-circuito\/","og_site_name":"Circuit d\u2019Art Contemporani","article_modified_time":"2015-04-29T09:21:04+00:00","twitter_card":"summary_large_image","twitter_misc":{"Tiempo de lectura":"1 minuto"},"schema":{"@context":"https:\/\/schema.org","@graph":[{"@type":"WebPage","@id":"https:\/\/www.artbarcelona.es\/circuit\/es\/el-circuito\/","url":"https:\/\/www.artbarcelona.es\/circuit\/es\/el-circuito\/","name":"El Circuito - Circuit d\u2019Art Contemporani","isPartOf":{"@id":"https:\/\/www.artbarcelona.es\/circuit\/en\/#website"},"datePublished":"2015-02-25T15:17:12+00:00","dateModified":"2015-04-29T09:21:04+00:00","breadcrumb":{"@id":"https:\/\/www.artbarcelona.es\/circuit\/es\/el-circuito\/#breadcrumb"},"inLanguage":"es","potentialAction":[{"@type":"ReadAction","target":["https:\/\/www.artbarcelona.es\/circuit\/es\/el-circuito\/"]}]},{"@type":"BreadcrumbList","@id":"https:\/\/www.artbarcelona.es\/circuit\/es\/el-circuito\/#breadcrumb","itemListElement":[{"@type":"ListItem","position":1,"name":"Inici","item":"https:\/\/www.artbarcelona.es\/circuit\/es\/"},{"@type":"ListItem","position":2,"name":"El Circuito"}]},{"@type":"WebSite","@id":"https:\/\/www.artbarcelona.es\/circuit\/en\/#website","url":"https:\/\/www.artbarcelona.es\/circuit\/en\/","name":"Circuit d\u2019Art Contemporani","description":"Altre lloc gestionat amb el WordPress","potentialAction":[{"@type":"SearchAction","target":{"@type":"EntryPoint","urlTemplate":"https:\/\/www.artbarcelona.es\/circuit\/en\/?s={search_term_string}"},"query-input":{"@type":"PropertyValueSpecification","valueRequired":true,"valueName":"search_term_string"}}],"inLanguage":"es"}]}},"acf":[],"_links":{"self":[{"href":"https:\/\/www.artbarcelona.es\/circuit\/es\/wp-json\/wp\/v2\/pages\/632","targetHints":{"allow":["GET"]}}],"collection":[{"href":"https:\/\/www.artbarcelona.es\/circuit\/es\/wp-json\/wp\/v2\/pages"}],"about":[{"href":"https:\/\/www.artbarcelona.es\/circuit\/es\/wp-json\/wp\/v2\/types\/page"}],"author":[{"embeddable":true,"href":"https:\/\/www.artbarcelona.es\/circuit\/es\/wp-json\/wp\/v2\/users\/1"}],"replies":[{"embeddable":true,"href":"https:\/\/www.artbarcelona.es\/circuit\/es\/wp-json\/wp\/v2\/comments?post=632"}],"version-history":[{"count":12,"href":"https:\/\/www.artbarcelona.es\/circuit\/es\/wp-json\/wp\/v2\/pages\/632\/revisions"}],"predecessor-version":[{"id":2196,"href":"https:\/\/www.artbarcelona.es\/circuit\/es\/wp-json\/wp\/v2\/pages\/632\/revisions\/2196"}],"wp:attachment":[{"href":"https:\/\/www.artbarcelona.es\/circuit\/es\/wp-json\/wp\/v2\/media?parent=632"}],"curies":[{"name":"wp","href":"https:\/\/api.w.org\/{rel}","templated":true}]}}