{"id":1475,"date":"2015-03-23T13:15:08","date_gmt":"2015-03-23T12:15:08","guid":{"rendered":"http:\/\/www.artbarcelona.es\/circuit\/?page_id=1475"},"modified":"2018-05-16T13:22:16","modified_gmt":"2018-05-16T12:22:16","slug":"politica-de-cookies","status":"publish","type":"page","link":"https:\/\/www.artbarcelona.es\/circuit\/politica-de-cookies\/","title":{"rendered":"Pol\u00edtica de cookies"},"content":{"rendered":"<h2><strong>1. Qu\u00e8 s\u00f3n les\u00a0cookies?<\/strong><\/h2>\n<p>La Web\u00a0d&#8217;<strong>Art\u00a0Barcelona \u2013 Associaci\u00f3 de galeries <\/strong>(d&#8217;ara endavant la Web) utilitza\u00a0Cookies. Les\u00a0Cookiess\u00f3n fitxers enviats a un navegador per mitj\u00e0 d&#8217;un servidor web per registrar les activitats de l&#8217;Usuari en una web determinada. La primera finalitat de les\u00a0Cookies\u00e9s la de facilitar a l&#8217;usuari un acc\u00e9s m\u00e9s r\u00e0pid als serveis seleccionats. A m\u00e9s, les\u00a0Cookies\u00a0personalitzen els serveis que ofereix la Web, facilitant i oferint a cada usuari informaci\u00f3 que \u00e9s del seu inter\u00e8s o que pot ser del seu inter\u00e8s, en atenci\u00f3 a l&#8217;\u00fas que realitza dels Serveis.<\/p>\n<p>La Web utilitza\u00a0Cookies\u00a0per personalitzar i facilitar al m\u00e0xim la navegaci\u00f3 de l&#8217;usuari. Les\u00a0Cookies\u00a0s&#8217;associen \u00fanicament a un usuari an\u00f2nim i el seu ordinador i no proporcionen refer\u00e8ncies que permetin deduir dades personals de l&#8217;usuari. L&#8217;usuari podr\u00e0 configurar el seu navegador perqu\u00e8 notifiqui i rebutgi la instal\u00b7laci\u00f3 les\u00a0Cookies\u00a0enviades per la Web, sense que aix\u00f2 perjudiqui la possibilitat de l&#8217;usuari d&#8217;accedir als continguts d&#8217;aquesta web. No obstant aix\u00f2, li fem notar que, en tot cas, la qualitat de funcionament de la p\u00e0gina Web pot disminuir.<\/p>\n<p>Els usuaris registrats, que es registrin o que hagin iniciat sessi\u00f3, podran beneficiar-se d&#8217;uns serveis m\u00e9s personalitzats i orientats al seu perfil, gr\u00e0cies a la combinaci\u00f3 de les dades emmagatzemades en les\u00a0cookies\u00a0amb les dades personals utilitzades al moment del seu registre. Aquests usuaris autoritzen expressament l&#8217;\u00fas d&#8217;aquesta informaci\u00f3 amb la finalitat indicada, sense perjudici del seu dret a rebutjar o deshabilitar l&#8217;\u00fas de\u00a0cookies.<br \/>\nAix\u00ed mateix, la Web podr\u00e0 saber tots els serveis sol\u00b7licitats pels usuaris, de manera que podran facilitar o oferir informaci\u00f3 adequada als gustos i prefer\u00e8ncies de cada usuari.<\/p>\n<h2><strong>2. Quins tipus de\u00a0cookies\u00a0existeixen?<\/strong><\/h2>\n<p>Les\u00a0Cookies, en funci\u00f3 de la seva Perman\u00e8ncia, poden dividir-se en:<\/p>\n<p>\u2022 <strong>&#8220;Cookies\u00a0de sessi\u00f3&#8221;:<\/strong> Les primeres expiren quan l&#8217;usuari tanca el navegador.<\/p>\n<p>\u2022 <strong>&#8220;Cookies\u00a0persistents&#8221;.<\/strong> Les segones expiren en funci\u00f3 de quan es compleixi l&#8217;objectiu pel qual serveixen (per exemple, perqu\u00e8 l&#8217;usuari es mantingui identificat en els Serveis) o b\u00e9 quan s&#8217;esborren manualment.<\/p>\n<p>Addicionalment, en funci\u00f3 del seu Objectiu, les\u00a0Cookies\u00a0poden classificar-se de la seg\u00fcent forma:<\/p>\n<p>\u2022\u00a0<strong>Cookies<\/strong><strong>\u00a0de rendiment<\/strong>: Aquest tipus de\u00a0Cookie\u00a0recorda les seves prefer\u00e8ncies per a les eines que es troben en els serveis, per la qual cosa no ha de tornar a configurar el servei cada vegada que vost\u00e8 visita. A manera d&#8217;exemple, en aquesta tipologia s&#8217;inclouen:<\/p>\n<p style=\"padding-left: 30px;\">\u2022 Ajustos de volum de reproductors de v\u00eddeo o so.<\/p>\n<p style=\"padding-left: 30px;\">\u2022 Les velocitats de transmissi\u00f3 de v\u00eddeo que siguin compatibles amb el seu navegador.<\/p>\n<p>\u2022\u00a0<strong>Cookies<\/strong><strong>\u00a0de\u00a0geo-localitzaci\u00f3<\/strong>: Aquestes\u00a0Cookies\u00a0s\u00f3n utilitzades per esbrinar en quin pa\u00eds es troba quan se sol\u00b7licita un servei. Aquesta\u00a0Cookie\u00a0\u00e9s totalment an\u00f2nima, i nom\u00e9s s&#8217;utilitza per ajudar a orientar el contingut a la seva ubicaci\u00f3.<\/p>\n<p>\u2022\u00a0<strong>Cookies<\/strong><strong>\u00a0de registre<\/strong>: Les\u00a0Cookies\u00a0de registre es generen una vegada que l&#8217;usuari s&#8217;ha registrat o posteriorment ha obert la seva sessi\u00f3, i s&#8217;utilitzen per identificar-li en els serveis amb els seg\u00fcents objectius:<\/p>\n<p style=\"padding-left: 30px;\">\u2022 Mantenir a l&#8217;usuari identificat de manera que, si tanca un servei, el navegador o l&#8217;ordinador i a un altre moment o un altre dia torna a entrar en aquest servei, seguir\u00e0 identificat, facilitant aix\u00ed la seva navegaci\u00f3 sense haver de tornar a identificar-se. Aquesta funcionalitat es pot suprimir si l&#8217;usuari prem la funcionalitat &#8220;tancar sessi\u00f3&#8221;, de manera que aquesta\u00a0Cookie\u00a0s&#8217;elimina i\u00a0la pr\u00f2xima vegada\u00a0que entri en el servei l&#8217;usuari haur\u00e0 d&#8217;iniciar sessi\u00f3 per estar identificat.<\/p>\n<p style=\"padding-left: 30px;\">\u2022 Comprovar si l&#8217;usuari est\u00e0 autoritzat per accedir a certs serveis, per exemple, per participar en un concurs.<\/p>\n<p>\u2022\u00a0<strong>Cookies<\/strong><strong>\u00a0anal\u00edtiques<\/strong>: Cada vegada que un Usuari visita un servei, una eina d&#8217;un prove\u00efdor extern genera una\u00a0Cookie\u00a0anal\u00edtica en l&#8217;ordinador de l&#8217;usuari. Aquesta\u00a0Cookie\u00a0que nom\u00e9s es genera en la visita, servir\u00e0 en properes visites als Serveis de la Web per identificar de forma an\u00f2nima al visitant. Els objectius principals que es persegueixen s\u00f3n:<\/p>\n<p style=\"padding-left: 30px;\">\u00b7 Permetre la identificaci\u00f3 an\u00f2nima dels usuaris navegants a trav\u00e9s de la &#8220;Cookie&#8221; (identifica navegadors i dispositius, no persones) i per tant la comptabilitzaci\u00f3 aproximada del nombre de visitants i la seva tend\u00e8ncia en el temps.<\/p>\n<p style=\"padding-left: 30px;\">\u00b7\u00a0Identificar de forma an\u00f2nima els continguts m\u00e9s visitats i per tant m\u00e9s atractius per als usuaris.<br \/>\n\u00b7\u00a0Saber si l&#8217;usuari que est\u00e0 accedint \u00e9s nou o repeteix visita.<br \/>\n\u00b7 Important: Tret que l&#8217;usuari decideixi registrar-se en un servei de la Web, la &#8220;Cookie&#8221; mai anir\u00e0 associada a cap dada de car\u00e0cter personal que pugui identificar-li. Aquestes\u00a0Cookies\u00a0nom\u00e9s seran utilitzades amb prop\u00f2sits estad\u00edstics que ajudin a l&#8217;optimitzaci\u00f3 de l&#8217;experi\u00e8ncia dels Usuaris en el lloc.<\/p>\n<p>\u2022\u00a0<strong>Cookies<\/strong><strong>\u00a0de publicitat comportamental<\/strong>: Aquest tipus de &#8220;Cookies&#8221; permet ampliar la informaci\u00f3 dels anuncis mostrats a cada usuari an\u00f2nim en els Serveis de la Web. Entre uns altres, s&#8217;emmagatzema la durada o freq\u00fc\u00e8ncia de visualitzaci\u00f3 de posicions publicit\u00e0ries, la interacci\u00f3\u00a0amb aquestes, o els patrons de navegaci\u00f3 i\/o compartiments de l&#8217;usuari, ja que\u00a0ajuden a conformar un perfil d&#8217;inter\u00e8s publicitari. D&#8217;aquesta manera, permeten oferir publicitat af\u00ed als interessos de l&#8217;usuari.<\/p>\n<p>\u2022\u00a0<strong>Cookies<\/strong><strong>\u00a0publicit\u00e0ries de tercers<\/strong>: A m\u00e9s de la publicitat gestionada per la Web en els seus Serveis, la Web ofereix als seus anunciants l&#8217;opci\u00f3 de servir anuncis a trav\u00e9s de tercers (&#8220;AdServers&#8221;). D&#8217;aquesta manera, aquests tercers poden emmagatzemar\u00a0Cookies\u00a0enviades des dels Serveis de la Web procedents dels navegadors dels Usuaris, aix\u00ed com accedir a les dades que en elles es guarden.<br \/>\n\u00b7\u00a0Real Mitjana: http:\/\/www.realmedia.com\/en\u00a0us\/*pages\/*privacy_*policy.html<br \/>\n\u00b7\u00a0Weborama: http:\/\/www.weborama.com\/e-privacy\/our-commitment\/<\/p>\n<h2><strong>3. Quin\u00a0cookies\u00a0utilitzem?<\/strong><\/h2>\n<p>Les\u00a0cookies\u00a0que utilitzem a la nostra p\u00e0gina web s\u00f3n:<\/p>\n<p>\u2022 <strong>Pr\u00f2pies<\/strong>: S\u00f3n aquelles que s&#8217;envien a l&#8217;equip terminal de l&#8217;usuari des d&#8217;un equip o domini gestionat pel mateix editor\u00a0i des del qual es presta el servei sol\u00b7licitat per l&#8217;usuari.<br \/>\n\u00b7\u00a0Cookies\u00a0de sessi\u00f3<\/p>\n<p>\u2022 <strong>De tercers<\/strong>: S\u00f3n aquelles que s&#8217;envien a l&#8217;equip terminal de l&#8217;usuari des d&#8217;un equip o domini que no \u00e9s gestionat per l&#8217;editor, sin\u00f3 per una altra entitat que tracta les dades obtingudes trav\u00e9s de les\u00a0cookies.<br \/>\n\u00b7\u00a0Google\u00a0Analytics: https:\/\/support.google.com\/analytics\/answer\/6004245?hl=es<\/p>\n<h2><strong>4. Com deshabilitar les\u00a0Cookies?<\/strong><\/h2>\n<p>Normalment \u00e9s possible deixar d&#8217;acceptar les\u00a0Cookies\u00a0del navegador, o deixar d&#8217;acceptar les\u00a0Cookies\u00a0d&#8217;un Servei en particular.<\/p>\n<p>Tots els navegadors moderns permeten canviar la configuraci\u00f3 de\u00a0Cookies. Aquests ajustos normalment es troben en les\u00a0\u00a8opcions\u00a8\u00a0o\u00a0\u00a8prefer\u00e8ncies\u00a8\u00a0del men\u00fa del seu navegador. Aix\u00ed mateix, pot configurar el seu navegador o el seu gestor de correu electr\u00f2nic, aix\u00ed com instal\u00b7lar complements gratu\u00efts per evitar que es descarreguin\u00a0els webs\u00a0Bugs\u00a0en obrir un\u00a0email.<\/p>\n<p>La Web ofereix orientaci\u00f3 a l&#8217;Usuari sobre els passos per accedir al men\u00fa de configuraci\u00f3 de les\u00a0cookies\u00a0i, si escau, de la navegaci\u00f3 privada en cadascun dels navegadors principals:<br \/>\n\u2022 <strong>Internet Explorer<\/strong>: Eines \u2013\u00a0&gt;; Opcions d&#8217;Internet \u2013\u00a0&gt;; Privadesa \u2013\u00a0&gt;; Configuraci\u00f3.<br \/>\nPer a m\u00e9s informaci\u00f3, pot consultar el suport de Microsoft o l&#8217;Ajuda del navegador.<br \/>\n\u2022 <strong>Firefox<\/strong>: Eines \u2013\u00a0&gt;; Opcions \u2013\u00a0&gt;; Privadesa \u2013\u00a0&gt;; Historial \u2013\u00a0&gt;; Configuraci\u00f3 personalitzada.<br \/>\n\u2022 <strong>Chrome<\/strong>: Configuraci\u00f3 \u2013\u00a0&gt;; Mostrar opcions avan\u00e7ades \u2013\u00a0&gt;; Privadesa \u2013\u00a0&gt;; Configuraci\u00f3 de contingut.<br \/>\n\u2022 <strong>Safari<\/strong>: Prefer\u00e8ncies \u2013\u00a0&gt;; Seguretat.<br \/>\nPer a m\u00e9s informaci\u00f3, pot consultar el suport d&#8217;Apple o l&#8217;Ajuda del navegador.<\/p>\n<h2>5. <strong>Es poden produir modificacions de la Pol\u00edtica de\u00a0Cookies?<\/strong><\/h2>\n<p>La Web pot modificar aquesta Pol\u00edtica de\u00a0Cookies\u00a0en funci\u00f3 de les exig\u00e8ncies legislatives, reglament\u00e0ries, o amb la finalitat d&#8217;adaptar aquesta pol\u00edtica a les instruccions dictades per l&#8217;Ag\u00e8ncia Espanyola de Protecci\u00f3 de Dades, per aix\u00f2 s&#8217;aconsella als usuaris que la visitin peri\u00f2dicament.<\/p>\n<p>Quan es produeixin canvis significatius en aquesta Pol\u00edtica de\u00a0Cookies, es comunicaran als usuaris b\u00e9 mitjan\u00e7ant la web o a trav\u00e9s de correu electr\u00f2nic als usuaris registrats.<\/p>\n<p><strong>\u00a0<\/strong><\/p>\n","protected":false},"excerpt":{"rendered":"<p>1. Qu\u00e8 s\u00f3n les\u00a0cookies? La Web\u00a0d&#8217;Art\u00a0Barcelona \u2013 Associaci\u00f3 de galeries (d&#8217;ara endavant la Web) utilitza\u00a0Cookies. Les\u00a0Cookiess\u00f3n fitxers enviats a un navegador per mitj\u00e0 d&#8217;un servidor web per registrar les activitats de l&#8217;Usuari en una web determinada. La primera finalitat de les\u00a0Cookies\u00e9s la de facilitar a l&#8217;usuari un acc\u00e9s m\u00e9s r\u00e0pid als serveis seleccionats. A m\u00e9s, [&hellip;]<\/p>\n","protected":false},"author":1,"featured_media":0,"parent":0,"menu_order":0,"comment_status":"open","ping_status":"open","template":"","meta":{"_acf_changed":false,"footnotes":""},"class_list":["post-1475","page","type-page","status-publish","hentry"],"yoast_head":"<!-- This site is optimized with the Yoast SEO plugin v27.0 - https:\/\/yoast.com\/product\/yoast-seo-wordpress\/ -->\n<title>Pol\u00edtica de cookies - Circuit d\u2019Art Contemporani<\/title>\n<meta name=\"robots\" content=\"index, follow, max-snippet:-1, max-image-preview:large, max-video-preview:-1\" \/>\n<link rel=\"canonical\" href=\"https:\/\/www.artbarcelona.es\/circuit\/politica-de-cookies\/\" \/>\n<meta property=\"og:locale\" content=\"ca_ES\" \/>\n<meta property=\"og:type\" content=\"article\" \/>\n<meta property=\"og:title\" content=\"Pol\u00edtica de cookies - Circuit d\u2019Art Contemporani\" \/>\n<meta property=\"og:description\" content=\"1. Qu\u00e8 s\u00f3n les\u00a0cookies? La Web\u00a0d&#8217;Art\u00a0Barcelona \u2013 Associaci\u00f3 de galeries (d&#8217;ara endavant la Web) utilitza\u00a0Cookies. Les\u00a0Cookiess\u00f3n fitxers enviats a un navegador per mitj\u00e0 d&#8217;un servidor web per registrar les activitats de l&#8217;Usuari en una web determinada. La primera finalitat de les\u00a0Cookies\u00e9s la de facilitar a l&#8217;usuari un acc\u00e9s m\u00e9s r\u00e0pid als serveis seleccionats. A m\u00e9s, [&hellip;]\" \/>\n<meta property=\"og:url\" content=\"https:\/\/www.artbarcelona.es\/circuit\/politica-de-cookies\/\" \/>\n<meta property=\"og:site_name\" content=\"Circuit d\u2019Art Contemporani\" \/>\n<meta property=\"article:modified_time\" content=\"2018-05-16T12:22:16+00:00\" \/>\n<meta name=\"twitter:card\" content=\"summary_large_image\" \/>\n<meta name=\"twitter:label1\" content=\"Temps estimat de lectura\" \/>\n\t<meta name=\"twitter:data1\" content=\"7 minuts\" \/>\n<script type=\"application\/ld+json\" class=\"yoast-schema-graph\">{\"@context\":\"https:\/\/schema.org\",\"@graph\":[{\"@type\":\"WebPage\",\"@id\":\"https:\/\/www.artbarcelona.es\/circuit\/politica-de-cookies\/\",\"url\":\"https:\/\/www.artbarcelona.es\/circuit\/politica-de-cookies\/\",\"name\":\"Pol\u00edtica de cookies - Circuit d\u2019Art Contemporani\",\"isPartOf\":{\"@id\":\"https:\/\/www.artbarcelona.es\/circuit\/en\/#website\"},\"datePublished\":\"2015-03-23T12:15:08+00:00\",\"dateModified\":\"2018-05-16T12:22:16+00:00\",\"breadcrumb\":{\"@id\":\"https:\/\/www.artbarcelona.es\/circuit\/politica-de-cookies\/#breadcrumb\"},\"inLanguage\":\"ca\",\"potentialAction\":[{\"@type\":\"ReadAction\",\"target\":[\"https:\/\/www.artbarcelona.es\/circuit\/politica-de-cookies\/\"]}]},{\"@type\":\"BreadcrumbList\",\"@id\":\"https:\/\/www.artbarcelona.es\/circuit\/politica-de-cookies\/#breadcrumb\",\"itemListElement\":[{\"@type\":\"ListItem\",\"position\":1,\"name\":\"Inici\",\"item\":\"https:\/\/www.artbarcelona.es\/circuit\/\"},{\"@type\":\"ListItem\",\"position\":2,\"name\":\"Pol\u00edtica de cookies\"}]},{\"@type\":\"WebSite\",\"@id\":\"https:\/\/www.artbarcelona.es\/circuit\/en\/#website\",\"url\":\"https:\/\/www.artbarcelona.es\/circuit\/en\/\",\"name\":\"Circuit d\u2019Art Contemporani\",\"description\":\"Altre lloc gestionat amb el WordPress\",\"potentialAction\":[{\"@type\":\"SearchAction\",\"target\":{\"@type\":\"EntryPoint\",\"urlTemplate\":\"https:\/\/www.artbarcelona.es\/circuit\/en\/?s={search_term_string}\"},\"query-input\":{\"@type\":\"PropertyValueSpecification\",\"valueRequired\":true,\"valueName\":\"search_term_string\"}}],\"inLanguage\":\"ca\"}]}<\/script>\n<!-- \/ Yoast SEO plugin. -->","yoast_head_json":{"title":"Pol\u00edtica de cookies - Circuit d\u2019Art Contemporani","robots":{"index":"index","follow":"follow","max-snippet":"max-snippet:-1","max-image-preview":"max-image-preview:large","max-video-preview":"max-video-preview:-1"},"canonical":"https:\/\/www.artbarcelona.es\/circuit\/politica-de-cookies\/","og_locale":"ca_ES","og_type":"article","og_title":"Pol\u00edtica de cookies - Circuit d\u2019Art Contemporani","og_description":"1. Qu\u00e8 s\u00f3n les\u00a0cookies? La Web\u00a0d&#8217;Art\u00a0Barcelona \u2013 Associaci\u00f3 de galeries (d&#8217;ara endavant la Web) utilitza\u00a0Cookies. Les\u00a0Cookiess\u00f3n fitxers enviats a un navegador per mitj\u00e0 d&#8217;un servidor web per registrar les activitats de l&#8217;Usuari en una web determinada. La primera finalitat de les\u00a0Cookies\u00e9s la de facilitar a l&#8217;usuari un acc\u00e9s m\u00e9s r\u00e0pid als serveis seleccionats. A m\u00e9s, [&hellip;]","og_url":"https:\/\/www.artbarcelona.es\/circuit\/politica-de-cookies\/","og_site_name":"Circuit d\u2019Art Contemporani","article_modified_time":"2018-05-16T12:22:16+00:00","twitter_card":"summary_large_image","twitter_misc":{"Temps estimat de lectura":"7 minuts"},"schema":{"@context":"https:\/\/schema.org","@graph":[{"@type":"WebPage","@id":"https:\/\/www.artbarcelona.es\/circuit\/politica-de-cookies\/","url":"https:\/\/www.artbarcelona.es\/circuit\/politica-de-cookies\/","name":"Pol\u00edtica de cookies - Circuit d\u2019Art Contemporani","isPartOf":{"@id":"https:\/\/www.artbarcelona.es\/circuit\/en\/#website"},"datePublished":"2015-03-23T12:15:08+00:00","dateModified":"2018-05-16T12:22:16+00:00","breadcrumb":{"@id":"https:\/\/www.artbarcelona.es\/circuit\/politica-de-cookies\/#breadcrumb"},"inLanguage":"ca","potentialAction":[{"@type":"ReadAction","target":["https:\/\/www.artbarcelona.es\/circuit\/politica-de-cookies\/"]}]},{"@type":"BreadcrumbList","@id":"https:\/\/www.artbarcelona.es\/circuit\/politica-de-cookies\/#breadcrumb","itemListElement":[{"@type":"ListItem","position":1,"name":"Inici","item":"https:\/\/www.artbarcelona.es\/circuit\/"},{"@type":"ListItem","position":2,"name":"Pol\u00edtica de cookies"}]},{"@type":"WebSite","@id":"https:\/\/www.artbarcelona.es\/circuit\/en\/#website","url":"https:\/\/www.artbarcelona.es\/circuit\/en\/","name":"Circuit d\u2019Art Contemporani","description":"Altre lloc gestionat amb el WordPress","potentialAction":[{"@type":"SearchAction","target":{"@type":"EntryPoint","urlTemplate":"https:\/\/www.artbarcelona.es\/circuit\/en\/?s={search_term_string}"},"query-input":{"@type":"PropertyValueSpecification","valueRequired":true,"valueName":"search_term_string"}}],"inLanguage":"ca"}]}},"acf":[],"_links":{"self":[{"href":"https:\/\/www.artbarcelona.es\/circuit\/wp-json\/wp\/v2\/pages\/1475","targetHints":{"allow":["GET"]}}],"collection":[{"href":"https:\/\/www.artbarcelona.es\/circuit\/wp-json\/wp\/v2\/pages"}],"about":[{"href":"https:\/\/www.artbarcelona.es\/circuit\/wp-json\/wp\/v2\/types\/page"}],"author":[{"embeddable":true,"href":"https:\/\/www.artbarcelona.es\/circuit\/wp-json\/wp\/v2\/users\/1"}],"replies":[{"embeddable":true,"href":"https:\/\/www.artbarcelona.es\/circuit\/wp-json\/wp\/v2\/comments?post=1475"}],"version-history":[{"count":4,"href":"https:\/\/www.artbarcelona.es\/circuit\/wp-json\/wp\/v2\/pages\/1475\/revisions"}],"predecessor-version":[{"id":6317,"href":"https:\/\/www.artbarcelona.es\/circuit\/wp-json\/wp\/v2\/pages\/1475\/revisions\/6317"}],"wp:attachment":[{"href":"https:\/\/www.artbarcelona.es\/circuit\/wp-json\/wp\/v2\/media?parent=1475"}],"curies":[{"name":"wp","href":"https:\/\/api.w.org\/{rel}","templated":true}]}}