{"id":182,"date":"2015-02-10T12:44:11","date_gmt":"2015-02-10T11:44:11","guid":{"rendered":"http:\/\/www.artbarcelona.es\/circuit\/?page_id=182"},"modified":"2015-04-29T11:58:31","modified_gmt":"2015-04-29T10:58:31","slug":"el-circuit","status":"publish","type":"page","link":"https:\/\/www.artbarcelona.es\/circuit\/el-circuit\/","title":{"rendered":"El Circuit"},"content":{"rendered":"<div class=\"container--gamma\">\n<p><!-- Article--><\/p>\n<div class=\"article u_pb-1\"><!-- T\u00edtol--><br \/>\n<!-- Data--><br \/>\n<!-- Subt\u00edtol--><br \/>\n<!-- Horari--><br \/>\n<!-- Entradeta destacada--><\/p>\n<h4 class=\"article__lead\">Una xarxa dedicada a l&#8217;art contemporani, que reuneix la programaci\u00f3 de les principals galeries, museus, fundacions i centres d&#8217;art de Barcelona.<\/h4>\n<p><!-- Text llarg--><\/p>\n<div class=\"article__body\">\n<p>El Circuit apropa l&#8217;art contemporani al ciutad\u00e0, facilitant-li tota la informaci\u00f3 que necessita sobre l&#8217;escena art\u00edstica de Barcelona.<\/p>\n<p>Donem visibilitat als espais que destaquen pel seu comprom\u00eds amb la creaci\u00f3 actual, i els senyalitzem amb la nostra icona: una pastilla que, en rosa o blau, indica si es tracta d&#8217;una galeria, o b\u00e9 d&#8217;un museu, fundaci\u00f3 o centre d&#8217;art.<\/p>\n<p>Aquest element urb\u00e0 \u00e9s, a m\u00e9s, interactiu: des des pot con\u00e8ixer tota la programaci\u00f3 dels espais i connectar amb la plataforma Barcelona Contactless a trav\u00e9s del <em>smartphone<\/em>, mitjan\u00e7ant codi QR o dispositiu <em>contactless<\/em>.<\/p>\n<p>Tamb\u00e9 editem mapes-guia en paper amb la informaci\u00f3 dels centres d&#8217;art i galeries del Circuit. Es poden trobar a hotels, a les galeries i als principals centres culturals de la ciutat.<\/p>\n<p>Amb aquestes eines es pot planificar la visita i elaborar rutes adaptades a les prefer\u00e8ncies. Des d&#8217;<a href=\"http:\/\/www.artbarcelona.es\/circuit\/rutes\/\" target=\"_blank\"><a href=\"http:\/\/www.artbarcelona.es\/circuit\/rutes\/\" target=\"_blank\">aqu\u00ed<\/a><\/a>, oferim algunes amb les quals comen\u00e7ar\u2026<\/p>\n<\/div>\n<p><!-- Compartir--><\/p>\n<\/div>\n<\/div>\n","protected":false},"excerpt":{"rendered":"<p>Una xarxa dedicada a l&#8217;art contemporani, que reuneix la programaci\u00f3 de les principals galeries, museus, fundacions i centres d&#8217;art de Barcelona. El Circuit apropa l&#8217;art contemporani al ciutad\u00e0, facilitant-li tota la informaci\u00f3 que necessita sobre l&#8217;escena art\u00edstica de Barcelona. Donem visibilitat als espais que destaquen pel seu comprom\u00eds amb la creaci\u00f3 actual, i els senyalitzem [&hellip;]<\/p>\n","protected":false},"author":1,"featured_media":0,"parent":0,"menu_order":0,"comment_status":"open","ping_status":"open","template":"template-circuit-how-are-we.php","meta":{"_acf_changed":false,"footnotes":""},"class_list":["post-182","page","type-page","status-publish","hentry"],"yoast_head":"<!-- This site is optimized with the Yoast SEO plugin v27.0 - https:\/\/yoast.com\/product\/yoast-seo-wordpress\/ -->\n<title>El Circuit - Circuit d\u2019Art Contemporani<\/title>\n<meta name=\"robots\" content=\"index, follow, max-snippet:-1, max-image-preview:large, max-video-preview:-1\" \/>\n<link rel=\"canonical\" href=\"https:\/\/www.artbarcelona.es\/circuit\/el-circuit\/\" \/>\n<meta property=\"og:locale\" content=\"ca_ES\" \/>\n<meta property=\"og:type\" content=\"article\" \/>\n<meta property=\"og:title\" content=\"El Circuit - Circuit d\u2019Art Contemporani\" \/>\n<meta property=\"og:description\" content=\"Una xarxa dedicada a l&#8217;art contemporani, que reuneix la programaci\u00f3 de les principals galeries, museus, fundacions i centres d&#8217;art de Barcelona. El Circuit apropa l&#8217;art contemporani al ciutad\u00e0, facilitant-li tota la informaci\u00f3 que necessita sobre l&#8217;escena art\u00edstica de Barcelona. Donem visibilitat als espais que destaquen pel seu comprom\u00eds amb la creaci\u00f3 actual, i els senyalitzem [&hellip;]\" \/>\n<meta property=\"og:url\" content=\"https:\/\/www.artbarcelona.es\/circuit\/el-circuit\/\" \/>\n<meta property=\"og:site_name\" content=\"Circuit d\u2019Art Contemporani\" \/>\n<meta property=\"article:modified_time\" content=\"2015-04-29T10:58:31+00:00\" \/>\n<meta name=\"twitter:card\" content=\"summary_large_image\" \/>\n<meta name=\"twitter:label1\" content=\"Temps estimat de lectura\" \/>\n\t<meta name=\"twitter:data1\" content=\"1 minut\" \/>\n<script type=\"application\/ld+json\" class=\"yoast-schema-graph\">{\"@context\":\"https:\/\/schema.org\",\"@graph\":[{\"@type\":\"WebPage\",\"@id\":\"https:\/\/www.artbarcelona.es\/circuit\/el-circuit\/\",\"url\":\"https:\/\/www.artbarcelona.es\/circuit\/el-circuit\/\",\"name\":\"El Circuit - Circuit d\u2019Art Contemporani\",\"isPartOf\":{\"@id\":\"https:\/\/www.artbarcelona.es\/circuit\/en\/#website\"},\"datePublished\":\"2015-02-10T11:44:11+00:00\",\"dateModified\":\"2015-04-29T10:58:31+00:00\",\"breadcrumb\":{\"@id\":\"https:\/\/www.artbarcelona.es\/circuit\/el-circuit\/#breadcrumb\"},\"inLanguage\":\"ca\",\"potentialAction\":[{\"@type\":\"ReadAction\",\"target\":[\"https:\/\/www.artbarcelona.es\/circuit\/el-circuit\/\"]}]},{\"@type\":\"BreadcrumbList\",\"@id\":\"https:\/\/www.artbarcelona.es\/circuit\/el-circuit\/#breadcrumb\",\"itemListElement\":[{\"@type\":\"ListItem\",\"position\":1,\"name\":\"Inici\",\"item\":\"https:\/\/www.artbarcelona.es\/circuit\/\"},{\"@type\":\"ListItem\",\"position\":2,\"name\":\"El Circuit\"}]},{\"@type\":\"WebSite\",\"@id\":\"https:\/\/www.artbarcelona.es\/circuit\/en\/#website\",\"url\":\"https:\/\/www.artbarcelona.es\/circuit\/en\/\",\"name\":\"Circuit d\u2019Art Contemporani\",\"description\":\"Altre lloc gestionat amb el WordPress\",\"potentialAction\":[{\"@type\":\"SearchAction\",\"target\":{\"@type\":\"EntryPoint\",\"urlTemplate\":\"https:\/\/www.artbarcelona.es\/circuit\/en\/?s={search_term_string}\"},\"query-input\":{\"@type\":\"PropertyValueSpecification\",\"valueRequired\":true,\"valueName\":\"search_term_string\"}}],\"inLanguage\":\"ca\"}]}<\/script>\n<!-- \/ Yoast SEO plugin. -->","yoast_head_json":{"title":"El Circuit - Circuit d\u2019Art Contemporani","robots":{"index":"index","follow":"follow","max-snippet":"max-snippet:-1","max-image-preview":"max-image-preview:large","max-video-preview":"max-video-preview:-1"},"canonical":"https:\/\/www.artbarcelona.es\/circuit\/el-circuit\/","og_locale":"ca_ES","og_type":"article","og_title":"El Circuit - Circuit d\u2019Art Contemporani","og_description":"Una xarxa dedicada a l&#8217;art contemporani, que reuneix la programaci\u00f3 de les principals galeries, museus, fundacions i centres d&#8217;art de Barcelona. El Circuit apropa l&#8217;art contemporani al ciutad\u00e0, facilitant-li tota la informaci\u00f3 que necessita sobre l&#8217;escena art\u00edstica de Barcelona. Donem visibilitat als espais que destaquen pel seu comprom\u00eds amb la creaci\u00f3 actual, i els senyalitzem [&hellip;]","og_url":"https:\/\/www.artbarcelona.es\/circuit\/el-circuit\/","og_site_name":"Circuit d\u2019Art Contemporani","article_modified_time":"2015-04-29T10:58:31+00:00","twitter_card":"summary_large_image","twitter_misc":{"Temps estimat de lectura":"1 minut"},"schema":{"@context":"https:\/\/schema.org","@graph":[{"@type":"WebPage","@id":"https:\/\/www.artbarcelona.es\/circuit\/el-circuit\/","url":"https:\/\/www.artbarcelona.es\/circuit\/el-circuit\/","name":"El Circuit - Circuit d\u2019Art Contemporani","isPartOf":{"@id":"https:\/\/www.artbarcelona.es\/circuit\/en\/#website"},"datePublished":"2015-02-10T11:44:11+00:00","dateModified":"2015-04-29T10:58:31+00:00","breadcrumb":{"@id":"https:\/\/www.artbarcelona.es\/circuit\/el-circuit\/#breadcrumb"},"inLanguage":"ca","potentialAction":[{"@type":"ReadAction","target":["https:\/\/www.artbarcelona.es\/circuit\/el-circuit\/"]}]},{"@type":"BreadcrumbList","@id":"https:\/\/www.artbarcelona.es\/circuit\/el-circuit\/#breadcrumb","itemListElement":[{"@type":"ListItem","position":1,"name":"Inici","item":"https:\/\/www.artbarcelona.es\/circuit\/"},{"@type":"ListItem","position":2,"name":"El Circuit"}]},{"@type":"WebSite","@id":"https:\/\/www.artbarcelona.es\/circuit\/en\/#website","url":"https:\/\/www.artbarcelona.es\/circuit\/en\/","name":"Circuit d\u2019Art Contemporani","description":"Altre lloc gestionat amb el WordPress","potentialAction":[{"@type":"SearchAction","target":{"@type":"EntryPoint","urlTemplate":"https:\/\/www.artbarcelona.es\/circuit\/en\/?s={search_term_string}"},"query-input":{"@type":"PropertyValueSpecification","valueRequired":true,"valueName":"search_term_string"}}],"inLanguage":"ca"}]}},"acf":[],"_links":{"self":[{"href":"https:\/\/www.artbarcelona.es\/circuit\/wp-json\/wp\/v2\/pages\/182","targetHints":{"allow":["GET"]}}],"collection":[{"href":"https:\/\/www.artbarcelona.es\/circuit\/wp-json\/wp\/v2\/pages"}],"about":[{"href":"https:\/\/www.artbarcelona.es\/circuit\/wp-json\/wp\/v2\/types\/page"}],"author":[{"embeddable":true,"href":"https:\/\/www.artbarcelona.es\/circuit\/wp-json\/wp\/v2\/users\/1"}],"replies":[{"embeddable":true,"href":"https:\/\/www.artbarcelona.es\/circuit\/wp-json\/wp\/v2\/comments?post=182"}],"version-history":[{"count":14,"href":"https:\/\/www.artbarcelona.es\/circuit\/wp-json\/wp\/v2\/pages\/182\/revisions"}],"predecessor-version":[{"id":2201,"href":"https:\/\/www.artbarcelona.es\/circuit\/wp-json\/wp\/v2\/pages\/182\/revisions\/2201"}],"wp:attachment":[{"href":"https:\/\/www.artbarcelona.es\/circuit\/wp-json\/wp\/v2\/media?parent=182"}],"curies":[{"name":"wp","href":"https:\/\/api.w.org\/{rel}","templated":true}]}}