{"id":718,"date":"2015-02-25T16:40:22","date_gmt":"2015-02-25T15:40:22","guid":{"rendered":"http:\/\/www.artbarcelona.es\/?page_id=718"},"modified":"2024-09-02T14:39:41","modified_gmt":"2024-09-02T13:39:41","slug":"politica-de-privacidad","status":"publish","type":"page","link":"https:\/\/www.artbarcelona.es\/es\/politica-de-privacidad\/","title":{"rendered":"Pol\u00edtica de privacidad"},"content":{"rendered":"\n<div class=\"wp-block-jupa-bootstrap-row\"><div class=\"row row-cols-1 row-cols-md-2\">\n<div class=\"wp-block-jupa-bootstrap-row-column offset-md-6 is-layout-flow wp-block-jupa-bootstrap-row-column-is-layout-flow\">\n<p>Art Barcelona \u2013 Associaci\u00f3 de galeries se compromete a respetar la privacidad y no recoger datos personales sobre individuos (nombre, direcci\u00f3n y\/o correo electr\u00f3nico), excepto en los casos en que sean solicitados expl\u00edcitamente y cuenten con el acuerdo expreso de los usuarios. La pol\u00edtica de privacidad se aplica solo en <a href=\"http:\/\/www.artbarcelona.es\">www.artbarcelona.es<\/a> y <a href=\"http:\/\/www.barcelonagalleryweekend.com\">www.barcelonagalleryweekend.com<\/a> , y queda excluido de ella cualquier otro sitio web.<\/p>\n\n\n\n<p>Art Barcelona \u2013 Associaci\u00f3 de galeries trata los datos de sus usuarios seg\u00fan lo estipulado por la Ley Org\u00e1nica 15\/1999, de 13 de diciembre, de protecci\u00f3n de datos de car\u00e1cter personal, y el resto de normativa aplicable. Art Barcelona \u2013 Associaci\u00f3 de galeries se compromete a no compartir con ninguna otra entidad u organizaci\u00f3n los datos de sus usuarios, ni a hacer un uso comercial de los mismos.<\/p>\n\n\n\n<p>Igualmente, Art Barcelona \u2013 Associaci\u00f3 de galeries y en cumplimiento del art\u00edculo 5 de LOPD, os informa de que en cualquier momento pod\u00e9is ejercer los derechos de acceso, rectificaci\u00f3n, cancelaci\u00f3n y\/o oposici\u00f3n respecto a los datos facilitados. En este supuesto, hay que dirigir la reclamaci\u00f3n al responsable del fichero con un mensaje de correo electr\u00f3nico a la direcci\u00f3n: info@artbarcelona.es&nbsp;o mediante una carta al Art Barcelona \u2013 Associaci\u00f3 de galeries (Consell de Cent 315, entlo. 1\u00aa, 080007 Barcelona).<\/p>\n\n\n\n<p>El hecho de utilizar el sitio web de Art Barcelona \u2013 Associaci\u00f3 de galeries o de comunicarse con al asociaci\u00f3n por correo electr\u00f3nico implica la aceptaci\u00f3n de esta pol\u00edtica de privacidad.<\/p>\n\n\n\n<h3 class=\"wp-block-heading\">EL REGISTRO DE USUARIOS<\/h3>\n\n\n\n<p>Cualquier persona puede navegar y consultar <a href=\"http:\/\/www.artbarcelone.es\">www.artbarcelone.es<\/a> y <a href=\"http:\/\/www.barcelonagalleryweekend.com\">www.barcelonagalleryweekend.com<\/a> sin necesidad de registrarse o de consignar informaci\u00f3n de identificaci\u00f3n personal. Sin embargo, para tener acceso a ciertas opciones, como recibir el bolet\u00edn, es necesario registrarse.<\/p>\n\n\n\n<p>Si decides registrarte, se te pedir\u00e1 que proporciones informaci\u00f3n personal que puede incluir el nombre, la direcci\u00f3n de correo electr\u00f3nico y, opcionalmente, la organizaci\u00f3n a la que perteneces y tu cargo en ella.<\/p>\n\n\n\n<p>Si te has registrado para recibir el bolet\u00edn, siempre puedes acceder y rectificar o dar de baja tus datos poni\u00e9ndote en contacto con&nbsp;<a href=\"mailto:info@artbarcelona.es\">info@artbarcelona.es<\/a><\/p>\n\n\n\n<h3 class=\"wp-block-heading\">CORREO ELECTR\u00d3NICO<\/h3>\n\n\n\n<p>Art Barcelona \u2013 Associaci\u00f3 de galeries trata de responder las consultas que llegan por correo en el plazo de una semana. Si el mensaje llega a un departamento equivocado, se reenv\u00eda al departamento correspondiente. Cualquier mensaje, material, informaci\u00f3n comercial, ideas, conceptos u otra informaci\u00f3n enviada a Art Barcelona \u2013 Associaci\u00f3 de galeries por correo electr\u00f3nico ser\u00e1n tratados como no confidenciales y no sujetos a propiedad intelectual. Tu direcci\u00f3n de correo electr\u00f3nico no ser\u00e1 utilizada para otro prop\u00f3sito que no sea el de responder a tu consulta o petici\u00f3n.<\/p>\n\n\n\n<h3 class=\"wp-block-heading\">CAMBIOS EN LA POL\u00cdTICA DE PRIVACIDAD<\/h3>\n\n\n\n<p><a href=\"http:\/\/www.artbarcelona.es\">www.artbarcelona.es<\/a> y <a href=\"http:\/\/www.barcelonagalleryweekend.com\">www.barcelonagalleryweekend.com<\/a> pueden modificar su pol\u00edtica de privacidad en cualquier momento. Si visitas estas p\u00e1ginas peri\u00f3dicamente, podr\u00e1s revisar nuestra pol\u00edtica actual, y de este modo mantenerte informado sobre qu\u00e9 informaci\u00f3n recopilamos y qu\u00e9 usos podemos hacer de esta informaci\u00f3n.<\/p>\n\n\n\n<h3 class=\"wp-block-heading\">ENLACES DE TERCEROS<\/h3>\n\n\n\n<p><a href=\"http:\/\/www.artbarcelona.es\">www.artbarcelona.es<\/a> y <a href=\"http:\/\/www.barcelonagalleryweekend.com\">www.barcelonagalleryweekend.com<\/a> contienen enlaces a otros sitios de Internet. Animamos a todos nuestros socios, colaboradores y terceros a aplicar las pol\u00edticas y pr\u00e1cticas que respeten la privacidad de nuestros usuarios. Sin embargo, Art Barcelona \u2013 Associaci\u00f3 de galeries no se hace responsable de las pr\u00e1cticas de privacidad o del contenido de estas p\u00e1ginas web.<\/p>\n\n\n\n<h3 class=\"wp-block-heading\">TRANSFERENCIAS INTERNACIONALES<\/h3>\n\n\n\n<p>En la medida en que la Ley de Protecci\u00f3n de Datos lo permita y tras cumplir las condiciones correspondientes para el tratamiento y\/o transferencia de datos personales, su informaci\u00f3n personal podr\u00eda almacenarse y procesarse en otro pa\u00eds donde tengamos &nbsp;proveedores de servicios. Cuando la Ley de Protecci\u00f3n de Datos lo permita, entendemos que al usar nuestros sitios web est\u00e1 conforme y nos autoriza para llevar a cabo la transferencia de informaci\u00f3n personal a pa\u00edses distintos de su pa\u00eds de residencia, incluidos los Estados Unidos, que podr\u00edan contar con normas de protecci\u00f3n de datos distintas a las de su pa\u00eds y\/o legislaci\u00f3n no equiparable. La transferencia de sus datos personales se llevar\u00eda a cabo con el \u00fanico fin de enviarle publicidad y comunicaciones relacionada con nuestros productos y actividades.<\/p>\n\n\n\n<p>Si no est\u00e1 de acuerdo, no deber\u00eda darse de alta en nuestros sitio web, aplicaciones y\/o medios Sociales puesto que la naturaleza de sus servicios conlleva impl\u00edcitamente la necesidad de llevar a cabo las transferencias internacionales de datos.<\/p>\n\n\n\n<p>Los usuarios que residan en la Uni\u00f3n Europea deben tener en cuenta que su informaci\u00f3n personal puede transferirse a pa\u00edses y territorios fuera del Espacio Econ\u00f3mico Europeo seg\u00fan lo antedicho.<\/p>\n<\/div>\n<\/div><\/div>\n","protected":false},"excerpt":{"rendered":"","protected":false},"author":1,"featured_media":0,"parent":0,"menu_order":100,"comment_status":"open","ping_status":"closed","template":"","meta":{"inline_featured_image":false,"footnotes":""},"class_list":["post-718","page","type-page","status-publish","hentry"],"yoast_head":"<!-- This site is optimized with the Yoast SEO plugin v27.0 - https:\/\/yoast.com\/product\/yoast-seo-wordpress\/ -->\n<title>Pol\u00edtica de privacidad - ArtBarcelona.<\/title>\n<meta name=\"robots\" content=\"index, follow, max-snippet:-1, max-image-preview:large, max-video-preview:-1\" \/>\n<link rel=\"canonical\" href=\"https:\/\/www.artbarcelona.es\/politica-de-privacitat\/\" \/>\n<meta property=\"og:locale\" content=\"es_ES\" \/>\n<meta property=\"og:type\" content=\"article\" \/>\n<meta property=\"og:title\" content=\"Pol\u00edtica de privacidad - ArtBarcelona.\" \/>\n<meta property=\"og:url\" content=\"https:\/\/www.artbarcelona.es\/politica-de-privacitat\/\" \/>\n<meta property=\"og:site_name\" content=\"ArtBarcelona.\" \/>\n<meta property=\"article:modified_time\" content=\"2024-09-02T13:39:41+00:00\" \/>\n<meta name=\"twitter:card\" content=\"summary_large_image\" \/>\n<meta name=\"twitter:label1\" content=\"Tiempo de lectura\" \/>\n\t<meta name=\"twitter:data1\" content=\"4 minutos\" \/>\n<script type=\"application\/ld+json\" class=\"yoast-schema-graph\">{\"@context\":\"https:\/\/schema.org\",\"@graph\":[{\"@type\":\"WebPage\",\"@id\":\"https:\/\/www.artbarcelona.es\/politica-de-privacitat\/\",\"url\":\"https:\/\/www.artbarcelona.es\/politica-de-privacitat\/\",\"name\":\"Pol\u00edtica de privacidad - ArtBarcelona.\",\"isPartOf\":{\"@id\":\"https:\/\/www.artbarcelona.es\/#website\"},\"datePublished\":\"2015-02-25T15:40:22+00:00\",\"dateModified\":\"2024-09-02T13:39:41+00:00\",\"breadcrumb\":{\"@id\":\"https:\/\/www.artbarcelona.es\/politica-de-privacitat\/#breadcrumb\"},\"inLanguage\":\"es\",\"potentialAction\":[{\"@type\":\"ReadAction\",\"target\":[\"https:\/\/www.artbarcelona.es\/politica-de-privacitat\/\"]}]},{\"@type\":\"BreadcrumbList\",\"@id\":\"https:\/\/www.artbarcelona.es\/politica-de-privacitat\/#breadcrumb\",\"itemListElement\":[{\"@type\":\"ListItem\",\"position\":1,\"name\":\"Portada\",\"item\":\"https:\/\/www.artbarcelona.es\/es\/\"},{\"@type\":\"ListItem\",\"position\":2,\"name\":\"Pol\u00edtica de privacidad\"}]},{\"@type\":\"WebSite\",\"@id\":\"https:\/\/www.artbarcelona.es\/#website\",\"url\":\"https:\/\/www.artbarcelona.es\/\",\"name\":\"ArtBarcelona.\",\"description\":\"Altre lloc gestionat amb el WordPress\",\"publisher\":{\"@id\":\"https:\/\/www.artbarcelona.es\/#organization\"},\"potentialAction\":[{\"@type\":\"SearchAction\",\"target\":{\"@type\":\"EntryPoint\",\"urlTemplate\":\"https:\/\/www.artbarcelona.es\/?s={search_term_string}\"},\"query-input\":{\"@type\":\"PropertyValueSpecification\",\"valueRequired\":true,\"valueName\":\"search_term_string\"}}],\"inLanguage\":\"es\"},{\"@type\":\"Organization\",\"@id\":\"https:\/\/www.artbarcelona.es\/#organization\",\"name\":\"ArtBarcelona.\",\"url\":\"https:\/\/www.artbarcelona.es\/\",\"logo\":{\"@type\":\"ImageObject\",\"inLanguage\":\"es\",\"@id\":\"https:\/\/www.artbarcelona.es\/#\/schema\/logo\/image\/\",\"url\":\"https:\/\/www.artbarcelona.es\/wp-content\/uploads\/2024\/08\/logo-artb.svg\",\"contentUrl\":\"https:\/\/www.artbarcelona.es\/wp-content\/uploads\/2024\/08\/logo-artb.svg\",\"width\":139,\"height\":51,\"caption\":\"ArtBarcelona.\"},\"image\":{\"@id\":\"https:\/\/www.artbarcelona.es\/#\/schema\/logo\/image\/\"}}]}<\/script>\n<!-- \/ Yoast SEO plugin. -->","yoast_head_json":{"title":"Pol\u00edtica de privacidad - ArtBarcelona.","robots":{"index":"index","follow":"follow","max-snippet":"max-snippet:-1","max-image-preview":"max-image-preview:large","max-video-preview":"max-video-preview:-1"},"canonical":"https:\/\/www.artbarcelona.es\/politica-de-privacitat\/","og_locale":"es_ES","og_type":"article","og_title":"Pol\u00edtica de privacidad - ArtBarcelona.","og_url":"https:\/\/www.artbarcelona.es\/politica-de-privacitat\/","og_site_name":"ArtBarcelona.","article_modified_time":"2024-09-02T13:39:41+00:00","twitter_card":"summary_large_image","twitter_misc":{"Tiempo de lectura":"4 minutos"},"schema":{"@context":"https:\/\/schema.org","@graph":[{"@type":"WebPage","@id":"https:\/\/www.artbarcelona.es\/politica-de-privacitat\/","url":"https:\/\/www.artbarcelona.es\/politica-de-privacitat\/","name":"Pol\u00edtica de privacidad - ArtBarcelona.","isPartOf":{"@id":"https:\/\/www.artbarcelona.es\/#website"},"datePublished":"2015-02-25T15:40:22+00:00","dateModified":"2024-09-02T13:39:41+00:00","breadcrumb":{"@id":"https:\/\/www.artbarcelona.es\/politica-de-privacitat\/#breadcrumb"},"inLanguage":"es","potentialAction":[{"@type":"ReadAction","target":["https:\/\/www.artbarcelona.es\/politica-de-privacitat\/"]}]},{"@type":"BreadcrumbList","@id":"https:\/\/www.artbarcelona.es\/politica-de-privacitat\/#breadcrumb","itemListElement":[{"@type":"ListItem","position":1,"name":"Portada","item":"https:\/\/www.artbarcelona.es\/es\/"},{"@type":"ListItem","position":2,"name":"Pol\u00edtica de privacidad"}]},{"@type":"WebSite","@id":"https:\/\/www.artbarcelona.es\/#website","url":"https:\/\/www.artbarcelona.es\/","name":"ArtBarcelona.","description":"Altre lloc gestionat amb el WordPress","publisher":{"@id":"https:\/\/www.artbarcelona.es\/#organization"},"potentialAction":[{"@type":"SearchAction","target":{"@type":"EntryPoint","urlTemplate":"https:\/\/www.artbarcelona.es\/?s={search_term_string}"},"query-input":{"@type":"PropertyValueSpecification","valueRequired":true,"valueName":"search_term_string"}}],"inLanguage":"es"},{"@type":"Organization","@id":"https:\/\/www.artbarcelona.es\/#organization","name":"ArtBarcelona.","url":"https:\/\/www.artbarcelona.es\/","logo":{"@type":"ImageObject","inLanguage":"es","@id":"https:\/\/www.artbarcelona.es\/#\/schema\/logo\/image\/","url":"https:\/\/www.artbarcelona.es\/wp-content\/uploads\/2024\/08\/logo-artb.svg","contentUrl":"https:\/\/www.artbarcelona.es\/wp-content\/uploads\/2024\/08\/logo-artb.svg","width":139,"height":51,"caption":"ArtBarcelona."},"image":{"@id":"https:\/\/www.artbarcelona.es\/#\/schema\/logo\/image\/"}}]}},"_links":{"self":[{"href":"https:\/\/www.artbarcelona.es\/es\/wp-json\/wp\/v2\/pages\/718","targetHints":{"allow":["GET"]}}],"collection":[{"href":"https:\/\/www.artbarcelona.es\/es\/wp-json\/wp\/v2\/pages"}],"about":[{"href":"https:\/\/www.artbarcelona.es\/es\/wp-json\/wp\/v2\/types\/page"}],"author":[{"embeddable":true,"href":"https:\/\/www.artbarcelona.es\/es\/wp-json\/wp\/v2\/users\/1"}],"replies":[{"embeddable":true,"href":"https:\/\/www.artbarcelona.es\/es\/wp-json\/wp\/v2\/comments?post=718"}],"version-history":[{"count":0,"href":"https:\/\/www.artbarcelona.es\/es\/wp-json\/wp\/v2\/pages\/718\/revisions"}],"wp:attachment":[{"href":"https:\/\/www.artbarcelona.es\/es\/wp-json\/wp\/v2\/media?parent=718"}],"curies":[{"name":"wp","href":"https:\/\/api.w.org\/{rel}","templated":true}]}}