{"id":721,"date":"2015-02-25T16:40:58","date_gmt":"2015-02-25T15:40:58","guid":{"rendered":"http:\/\/www.artbarcelona.es\/?page_id=721"},"modified":"2025-11-27T14:10:19","modified_gmt":"2025-11-27T13:10:19","slug":"quienes-somos","status":"publish","type":"page","link":"https:\/\/www.artbarcelona.es\/es\/quienes-somos\/","title":{"rendered":"Qui\u00e9nes somos"},"content":{"rendered":"\n<section class=\"wp-block-group mt-0 pt-0 has-global-padding is-layout-constrained wp-block-group-is-layout-constrained\">\n<div class=\"wp-block-jupa-bootstrap-row\"><div class=\"row row-cols-1 row-cols-md-2\">\n<div class=\"wp-block-jupa-bootstrap-row-column offset-md-6 is-layout-flow wp-block-jupa-bootstrap-row-column-is-layout-flow\">\n<p>Desde su fundaci\u00f3n en 1990, ArtBarcelona promueve iniciativas conjuntas de galer\u00edas que se dedican a descubrir, difundir y defender el arte contempor\u00e1neo.<\/p>\n\n\n\n<p>Despu\u00e9s de m\u00e1s de 30 a\u00f1os de historia, las galer\u00edas de ArtBarcelona seguimos trabajando con el objetivo principal de ampliar la oferta cultural de la ciudad y potenciar su presencia en el escenario art\u00edstico internacional. <\/p>\n\n\n\n<p>Defendemos el papel del galerista como agente promotor de patrimonio cultural, que ofrece al p\u00fablico espacios de acceso gratuito en los que se informa de las tendencias del arte y se impulsan nuevos lenguajes y nuevos artistas. <\/p>\n\n\n\n<p>Promovemos iniciativas que atraen al ciudadano a las galer\u00edas, entendidas tambi\u00e9n como espacios abiertos desde los que generar reflexi\u00f3n y debate en torno a la cultura contempor\u00e1nea. <\/p>\n\n\n\n<p>Participamos en la vida cultural de Barcelona, \u200b\u200bimplic\u00e1ndonos en los eventos que han marcado su historia reciente y jugamos un papel destacado en las plataformas de debate y coordinaci\u00f3n de estrategias culturales.<\/p>\n<\/div>\n<\/div><\/div>\n<\/section>\n\n\n\n<section class=\"wp-block-group mt-0 pt-0 has-global-padding is-layout-constrained wp-block-group-is-layout-constrained\">\n<div class=\"wp-block-jupa-bootstrap-row\"><div class=\"row row-cols-1 row-cols-md-2\">\n<div class=\"wp-block-jupa-bootstrap-row-column offset-md-6 is-layout-flow wp-block-jupa-bootstrap-row-column-is-layout-flow\">\n<p class=\"has-xx-large-font-size\">Somos<\/p>\n\n\n\n<ul class=\"wp-block-list is-style-two-cols\">\n<li>3 Punts Galeria<\/li>\n\n\n\n<li>ADN Galeria <\/li>\n\n\n\n<li>Alalim\u00f3n Galer\u00eda<\/li>\n\n\n\n<li>\u00e0ngels barcelona<\/li>\n\n\n\n<li>Bombon<\/li>\n\n\n\n<li>Chiquita Room <\/li>\n\n\n\n<li>Dilalica<\/li>\n\n\n\n<li>ethall<\/li>\n\n\n\n<li>Fuga<\/li>\n\n\n\n<li>House of Chappaz<\/li>\n\n\n\n<li>ADN Galeria <\/li>\n\n\n\n<li>Galer\u00eda Alegr\u00eda <\/li>\n\n\n\n<li>Galeria H2O<\/li>\n\n\n\n<li>Galeria Joan Gaspar<\/li>\n\n\n\n<li>Galeria Marc Dom\u00e8nech<\/li>\n\n\n\n<li>Galeria Mayoral<\/li>\n\n\n\n<li>Galeria Miguel Marcos<\/li>\n\n\n\n<li>galeria SENDA <\/li>\n\n\n\n<li>Galeria Toni T\u00e0pies<\/li>\n\n\n\n<li>Galeria Valid Foto BCN<\/li>\n\n\n\n<li>LAB 36<\/li>\n\n\n\n<li>Prats Nogueras Blanchard<\/li>\n\n\n\n<li>Palmadotze_Galeria d&#8217;Art <\/li>\n\n\n\n<li>Pigment Gallery <\/li>\n\n\n\n<li>Pol\u00edgrafa Obra Gr\u00e0fica <\/li>\n\n\n\n<li>ProjecteSD<\/li>\n\n\n\n<li>RocioSantaCruz<\/li>\n\n\n\n<li>Sala Par\u00e9s<\/li>\n\n\n\n<li>SELTZ by Ritter Ferrer<\/li>\n\n\n\n<li>Sorondo<\/li>\n\n\n\n<li>SUBURBIA CONTEMPORARY<\/li>\n\n\n\n<li>Victor Lope Arte Contemp. <\/li>\n\n\n\n<li>Zielinsky <\/li>\n<\/ul>\n\n\n\n<div class=\"wp-block-buttons is-layout-flex wp-block-buttons-is-layout-flex\">\n<div class=\"wp-block-button\"><a class=\"wp-block-button__link wp-element-button\" href=\"https:\/\/www.artbarcelona.es\/es\/galerias\/\">Ver todas las galer\u00edas<\/a><\/div>\n<\/div>\n<\/div>\n<\/div><\/div>\n<\/section>\n\n\n\n<section class=\"wp-block-group mt-0 has-global-padding is-layout-constrained wp-block-group-is-layout-constrained\">\n<div class=\"wp-block-group has-global-padding is-layout-constrained wp-block-group-is-layout-constrained\">\n<div class=\"wp-block-jupa-bootstrap-row\"><div class=\"row row-cols-1 row-cols-md-2\">\n<div class=\"wp-block-jupa-bootstrap-row-column is-layout-flow wp-block-jupa-bootstrap-row-column-is-layout-flow\">\n<div class=\"wp-block-group wrap-lines has-global-padding is-layout-constrained wp-block-group-is-layout-constrained\">\n<h2 class=\"wp-block-heading has-large-font-size\">Junta<br>directiva<\/h2>\n<\/div>\n<\/div>\n<\/div><\/div>\n\n\n\n<div class=\"wp-block-jupa-bootstrap-row\"><div class=\"row row-cols-1 row-cols-md-2\">\n<div class=\"wp-block-jupa-bootstrap-row-column offset-md-6 is-layout-flow wp-block-jupa-bootstrap-row-column-is-layout-flow\">\n<div class=\"wp-block-jupa-bootstrap-row\"><div class=\"row row-cols-1 row-cols-md-2\">\n<div class=\"wp-block-jupa-bootstrap-row-column is-layout-flow wp-block-jupa-bootstrap-row-column-is-layout-flow\">\n<div class=\"wp-block-group has-global-padding is-layout-constrained wp-container-core-group-is-layout-19e250f3 wp-block-group-is-layout-constrained\">\n<p style=\"text-decoration:underline\">Presidente:<\/p>\n\n\n\n<p>Quico Peinado<br>(\u00e0ngels barcelona)<\/p>\n<\/div>\n\n\n\n<div class=\"wp-block-group has-global-padding is-layout-constrained wp-container-core-group-is-layout-19e250f3 wp-block-group-is-layout-constrained\">\n<p style=\"text-decoration:underline\">Vicepresidenta primera:<\/p>\n\n\n\n<p>Patr\u00edcia de Muga<br>(Prats Nogueras Blanchard)<\/p>\n<\/div>\n\n\n\n<div class=\"wp-block-group has-global-padding is-layout-constrained wp-container-core-group-is-layout-19e250f3 wp-block-group-is-layout-constrained\">\n<p style=\"text-decoration:underline\">Vicepresidente segundo:<\/p>\n\n\n\n<p>Victor Lope <br>(Victor Lope Arte Contempor\u00e1neo)<\/p>\n<\/div>\n\n\n\n<div class=\"wp-block-group has-global-padding is-layout-constrained wp-container-core-group-is-layout-19e250f3 wp-block-group-is-layout-constrained\">\n<p style=\"text-decoration:underline\">Secretaria:<\/p>\n\n\n\n<p>Joana Roda<br>(Bombon)<\/p>\n<\/div>\n\n\n\n<div class=\"wp-block-group has-global-padding is-layout-constrained wp-container-core-group-is-layout-19e250f3 wp-block-group-is-layout-constrained\">\n<p style=\"text-decoration:underline\">Tesorero:<\/p>\n\n\n\n<p>Victor Lope<\/p>\n\n\n\n<p>(Victor Lope Arte Contempor\u00e1neo)<\/p>\n<\/div>\n<\/div>\n\n\n\n<div class=\"wp-block-jupa-bootstrap-row-column is-layout-flow wp-block-jupa-bootstrap-row-column-is-layout-flow\">\n<div class=\"wp-block-group has-global-padding is-layout-constrained wp-container-core-group-is-layout-19e250f3 wp-block-group-is-layout-constrained\">\n<p style=\"text-decoration:underline\">Vocales:<\/p>\n\n\n\n<p>Joan Anton Maragall<br>(Sala Par\u00e9s)<\/p>\n<\/div>\n\n\n\n<p>Miguel \u00c1ngel S\u00e1nchez<br>(ADN Galeria)<\/p>\n\n\n\n<p>Silvia Dauder<br>(ProjecteSD)<\/p>\n\n\n\n<p>Marc Dom\u00e8nech<br>(Galeria Marc Dom\u00e8nech)<\/p>\n\n\n\n<p><\/p>\n\n\n\n<p>Jorge Bravo (ethall) <\/p>\n<\/div>\n<\/div><\/div>\n<\/div>\n<\/div><\/div>\n<\/div>\n<\/section>\n\n\n\n<section class=\"wp-block-group mt-0 has-global-padding is-layout-constrained wp-block-group-is-layout-constrained\">\n<div class=\"wp-block-group has-global-padding is-layout-constrained wp-block-group-is-layout-constrained\">\n<div class=\"wp-block-jupa-bootstrap-row\"><div class=\"row row-cols-1 row-cols-md-2\">\n<div class=\"wp-block-jupa-bootstrap-row-column is-layout-flow wp-block-jupa-bootstrap-row-column-is-layout-flow\">\n<div class=\"wp-block-group wrap-lines has-global-padding is-layout-constrained wp-block-group-is-layout-constrained\">\n<h2 class=\"wp-block-heading has-large-font-size\">La historia de nuestra asociaci\u00f3n<\/h2>\n<\/div>\n<\/div>\n<\/div><\/div>\n\n\n\n<div class=\"wp-block-jupa-bootstrap-row\"><div class=\"row row-cols-1 row-cols-md-2\">\n<div class=\"wp-block-jupa-bootstrap-row-column offset-md-6 is-layout-flow wp-block-jupa-bootstrap-row-column-is-layout-flow\">\n<p>En construcci\u00f3n. <\/p>\n<\/div>\n<\/div><\/div>\n<\/div>\n<\/section>\n\n\n\n<section class=\"wp-block-group mt-0 has-global-padding is-layout-constrained wp-block-group-is-layout-constrained\">\n<div class=\"wp-block-group has-global-padding is-layout-constrained wp-block-group-is-layout-constrained\">\n<div class=\"wp-block-jupa-bootstrap-row\"><div class=\"row row-cols-1 row-cols-md-2\">\n<div class=\"wp-block-jupa-bootstrap-row-column is-layout-flow wp-block-jupa-bootstrap-row-column-is-layout-flow\">\n<div class=\"wp-block-group wrap-lines has-global-padding is-layout-constrained wp-block-group-is-layout-constrained\">\n<h2 class=\"wp-block-heading has-large-font-size\">El legado de Brossa<\/h2>\n<\/div>\n<\/div>\n<\/div><\/div>\n\n\n\n<div class=\"wp-block-jupa-bootstrap-row\"><div class=\"row row-cols-1 row-cols-md-2 align-items-md-center\">\n<div class=\"wp-block-jupa-bootstrap-row-column is-layout-flow wp-block-jupa-bootstrap-row-column-is-layout-flow\">\n<figure class=\"wp-block-image aligncenter size-full\"><a href=\"http:\/\/www.artbarcelona.es\/wp-content\/uploads\/2024\/08\/Logo-Abe-Brossa.png\"><img loading=\"lazy\" decoding=\"async\" width=\"323\" height=\"294\" src=\"http:\/\/www.artbarcelona.es\/wp-content\/uploads\/2024\/08\/Logo-Abe-Brossa.png\" alt=\"\" class=\"wp-image-8509\" srcset=\"https:\/\/www.artbarcelona.es\/wp-content\/uploads\/2024\/08\/Logo-Abe-Brossa.png 323w, https:\/\/www.artbarcelona.es\/wp-content\/uploads\/2024\/08\/Logo-Abe-Brossa-300x273.png 300w\" sizes=\"auto, (max-width: 323px) 100vw, 323px\" \/><\/a><\/figure>\n<\/div>\n\n\n\n<div class=\"wp-block-jupa-bootstrap-row-column is-layout-flow wp-block-jupa-bootstrap-row-column-is-layout-flow\">\n<div class=\"wp-block-group wrap-lines has-global-padding is-layout-constrained wp-block-group-is-layout-constrained\">\n<p>En construcci\u00f3n. <\/p>\n\n\n\n<div class=\"wp-block-buttons is-layout-flex wp-block-buttons-is-layout-flex\">\n<div class=\"wp-block-button\"><a class=\"wp-block-button__link wp-element-button\">Leer m\u00e1s<\/a><\/div>\n<\/div>\n<\/div>\n<\/div>\n<\/div><\/div>\n<\/div>\n<\/section>\n\n\n\n<section class=\"wp-block-group mt-0 has-global-padding is-layout-constrained wp-block-group-is-layout-constrained\">\n<div class=\"wp-block-group has-global-padding is-layout-constrained wp-block-group-is-layout-constrained\">\n<div class=\"wp-block-jupa-bootstrap-row\"><div class=\"row row-cols-1 row-cols-md-2\">\n<div class=\"wp-block-jupa-bootstrap-row-column is-layout-flow wp-block-jupa-bootstrap-row-column-is-layout-flow\">\n<div class=\"wp-block-group wrap-lines has-global-padding is-layout-constrained wp-block-group-is-layout-constrained\">\n<h2 class=\"wp-block-heading has-large-font-size\">Nuestras publicaciones<\/h2>\n<\/div>\n<\/div>\n<\/div><\/div>\n\n\n\n<div class=\"wp-block-jupa-bootstrap-row\"><div class=\"row row-cols-1 row-cols-md-2\">\n<div class=\"wp-block-jupa-bootstrap-row-column is-layout-flow pt-lg-4 wp-block-jupa-bootstrap-row-column-is-layout-flow\">\n<figure class=\"wp-block-image aligncenter size-full\"><a href=\"http:\/\/www.artbarcelona.es\/wp-content\/uploads\/2024\/08\/poridentidad.jpg\"><img loading=\"lazy\" decoding=\"async\" width=\"285\" height=\"400\" src=\"http:\/\/www.artbarcelona.es\/wp-content\/uploads\/2024\/08\/poridentidad.jpg\" alt=\"\" class=\"wp-image-8512\" srcset=\"https:\/\/www.artbarcelona.es\/wp-content\/uploads\/2024\/08\/poridentidad.jpg 285w, https:\/\/www.artbarcelona.es\/wp-content\/uploads\/2024\/08\/poridentidad-214x300.jpg 214w\" sizes=\"auto, (max-width: 285px) 100vw, 285px\" \/><\/a><\/figure>\n<\/div>\n\n\n\n<div class=\"wp-block-jupa-bootstrap-row-column is-layout-flow wp-block-jupa-bootstrap-row-column-is-layout-flow\">\n<div class=\"wp-block-group wrap-lines has-global-padding is-layout-constrained wp-block-group-is-layout-constrained\">\n<p>En construcci\u00f3n. <\/p>\n\n\n\n<div class=\"wp-block-buttons is-layout-flex wp-block-buttons-is-layout-flex\">\n<div class=\"wp-block-button\"><a class=\"wp-block-button__link wp-element-button\">Ver todas las&nbsp;publicaciones<\/a><\/div>\n<\/div>\n<\/div>\n<\/div>\n<\/div><\/div>\n<\/div>\n<\/section>\n\n\n\n<section class=\"wp-block-group mt-0 has-global-padding is-layout-constrained wp-block-group-is-layout-constrained\">\n<p>Qu\u00e9 hacemos<\/p>\n\n\n\n<div class=\"wp-block-group section-events has-global-padding is-layout-constrained wp-block-group-is-layout-constrained\">\n<div class=\"wp-block-jupa-bootstrap-row section-bgw-an\"><div class=\"row row-cols-md-2 g-xxl-5\">\n<div class=\"wp-block-jupa-bootstrap-row-column is-layout-flow wp-block-jupa-bootstrap-row-column-is-layout-flow\">\n<div class=\"wp-block-group wrap-lines has-global-padding is-layout-constrained wp-block-group-is-layout-constrained\">\n<h3 class=\"wp-block-heading has-x-large-font-size\">Barcelona <br>Gallery Weekend<\/h3>\n<\/div>\n\n\n\n<figure class=\"wp-block-image size-full\"><img loading=\"lazy\" decoding=\"async\" width=\"595\" height=\"842\" src=\"https:\/\/www.artbarcelona.es\/wp-content\/uploads\/2024\/09\/BGW2026_TCIP_portada_popup.jpg\" alt=\"\" class=\"wp-image-9634\" srcset=\"https:\/\/www.artbarcelona.es\/wp-content\/uploads\/2024\/09\/BGW2026_TCIP_portada_popup.jpg 595w, https:\/\/www.artbarcelona.es\/wp-content\/uploads\/2024\/09\/BGW2026_TCIP_portada_popup-424x600.jpg 424w\" sizes=\"auto, (max-width: 595px) 100vw, 595px\" \/><\/figure>\n\n\n\n<p>Barcelona Gallery Weekend celebra cada a\u00f1o la temporada art\u00edstica con una programaci\u00f3n especial en las galer\u00edas m\u00e1s relevantes de Barcelona y L&#8217;Hospitalet.<\/p>\n\n\n\n<div class=\"wp-block-buttons is-layout-flex wp-block-buttons-is-layout-flex\">\n<div class=\"wp-block-button is-style-alternative d-none d-md-block\"><a class=\"wp-block-button__link wp-element-button\" href=\"http:\/\/www.artbarcelona.es\/es\/barcelona-gallery-weekend\/\">Leer m\u00e1s<\/a><\/div>\n<\/div>\n<\/div>\n\n\n\n<div class=\"wp-block-jupa-bootstrap-row-column is-layout-flow wp-block-jupa-bootstrap-row-column-is-layout-flow\">\n<div class=\"wp-block-group wrap-lines has-global-padding is-layout-constrained wp-block-group-is-layout-constrained\">\n<h3 class=\"wp-block-heading has-x-large-font-size\">Art <br>Nou<\/h3>\n<\/div>\n\n\n\n<figure class=\"wp-block-image size-large\"><img loading=\"lazy\" decoding=\"async\" width=\"819\" height=\"1024\" src=\"http:\/\/www.artbarcelona.es\/wp-content\/uploads\/2024\/08\/savethedate_29maig_1-819x1024.jpg\" alt=\"\" class=\"wp-image-9504\" srcset=\"https:\/\/www.artbarcelona.es\/wp-content\/uploads\/2024\/08\/savethedate_29maig_1-819x1024.jpg 819w, https:\/\/www.artbarcelona.es\/wp-content\/uploads\/2024\/08\/savethedate_29maig_1-480x600.jpg 480w, https:\/\/www.artbarcelona.es\/wp-content\/uploads\/2024\/08\/savethedate_29maig_1-768x960.jpg 768w, https:\/\/www.artbarcelona.es\/wp-content\/uploads\/2024\/08\/savethedate_29maig_1.jpg 1080w\" sizes=\"auto, (max-width: 819px) 100vw, 819px\" \/><\/figure>\n\n\n\n<p>Art Nou es el festival emergente de Barcelona y L&#8217;Hospitalet, que promueve el trabajo de j\u00f3venes creadores en galer\u00edas y espacios independientes.<\/p>\n\n\n\n<div class=\"wp-block-buttons is-layout-flex wp-block-buttons-is-layout-flex\">\n<div class=\"wp-block-button is-style-alternative d-none d-md-block\"><a class=\"wp-block-button__link wp-element-button\" href=\"http:\/\/www.artbarcelona.es\/es\/art-nou\/\">Leer m\u00e1s<\/a><\/div>\n<\/div>\n<\/div>\n<\/div><\/div>\n<\/div>\n<\/section>\n\n\n\n<section class=\"wp-block-group mt-0 has-global-padding is-layout-constrained wp-block-group-is-layout-constrained\">\n<div class=\"wp-block-jupa-bootstrap-row\"><div class=\"row row-cols-1 row-cols-lg-2 g-xl-5 g-5\">\n<div class=\"wp-block-jupa-bootstrap-row-column is-layout-flow wp-block-jupa-bootstrap-row-column-is-layout-flow\">\n<div class=\"wp-block-group wrap-lines has-global-padding is-layout-constrained wp-block-group-is-layout-constrained\">\n<h2 class=\"wp-block-heading has-x-large-font-size\">Rutas<br>por Galer\u00edas<\/h2>\n<\/div>\n\n\n\n<p>Visitas guiadas a exposiciones de la mano de galeristas y artistas. <\/p>\n\n\n\n<div class=\"wp-block-buttons d-none d-lg-block is-layout-flex wp-block-buttons-is-layout-flex\">\n<div class=\"wp-block-button is-style-alternative\"><a class=\"wp-block-button__link wp-element-button\" href=\"http:\/\/www.artbarcelona.es\/es\/rutas\/\">Leer m\u00e1s<\/a><\/div>\n<\/div>\n<\/div>\n\n\n\n<div class=\"wp-block-jupa-bootstrap-row-column is-layout-flow col-info wp-block-jupa-bootstrap-row-column-is-layout-flow\">\n<div class=\"wp-block-group section-routes-info has-global-padding is-layout-constrained wp-block-group-is-layout-constrained\">\n<div class=\"wp-block-group section-routes-info-inner has-global-padding is-layout-constrained wp-block-group-is-layout-constrained\"><div class=\"sc-routes\"><div><h3>Nueva Ruta<br>Galer\u00edas <span><\/span><\/h3><\/div><div><\/div><div><\/div><\/div>\n\n\n\n<div class=\"wp-block-buttons is-layout-flex wp-block-buttons-is-layout-flex\">\n<div class=\"wp-block-button\"><a class=\"wp-block-button__link wp-element-button\" href=\"https:\/\/www.artbarcelona.es\/es\/rutas\/\">Info e Inscripci\u00f3n<\/a><\/div>\n<\/div>\n<\/div>\n<\/div>\n<\/div>\n<\/div><\/div>\n<\/section>\n\n\n\n<section class=\"wp-block-group mt-0 has-global-padding is-layout-constrained wp-block-group-is-layout-constrained\">\n<div class=\"wp-block-group section-circuit has-global-padding is-layout-constrained wp-block-group-is-layout-constrained\">\n<div class=\"wp-block-jupa-bootstrap-row\"><div class=\"row row-cols-1 row-cols-md-2 justify-content-md-end g-xl-5\">\n<div class=\"wp-block-jupa-bootstrap-row-column is-layout-flow wp-block-jupa-bootstrap-row-column-is-layout-flow\">\n<div class=\"wp-block-group wrap-lines has-global-padding is-layout-constrained wp-block-group-is-layout-constrained\">\n<h2 class=\"wp-block-heading has-x-large-font-size\">Mapa<br>Circuit<\/h2>\n<\/div>\n\n\n\n<div class=\"wp-block-group has-global-padding is-layout-constrained wp-container-core-group-is-layout-05ae3783 wp-block-group-is-layout-constrained\" style=\"padding-right:var(--wp--preset--spacing--2)\">\n<p>Circuito de arte contempor\u00e1neo de Barcelona. Un recorrido en red que re\u00fane galer\u00edas, centros, museos y fundaciones de arte contempor\u00e1neo.<\/p>\n<\/div>\n\n\n\n<div class=\"wp-block-buttons pt-4 pt-xl-5 is-layout-flex wp-block-buttons-is-layout-flex\">\n<div class=\"wp-block-button is-style-alternative\"><a class=\"wp-block-button__link wp-element-button\" href=\"http:\/\/www.artbarcelona.es\/wp-content\/uploads\/2026\/02\/mapa_maig_agost_2026.pdf\">PDF &#8211; Mapa circuito de arte contempor\u00e1neo<\/a><\/div>\n<\/div>\n<\/div>\n<\/div><\/div>\n<\/div>\n<\/section>\n","protected":false},"excerpt":{"rendered":"<p>Qu\u00e9 hacemos<\/p>\n","protected":false},"author":1,"featured_media":0,"parent":0,"menu_order":7,"comment_status":"open","ping_status":"closed","template":"","meta":{"inline_featured_image":false,"footnotes":""},"class_list":["post-721","page","type-page","status-publish","hentry"],"yoast_head":"<!-- This site is optimized with the Yoast SEO plugin v27.0 - https:\/\/yoast.com\/product\/yoast-seo-wordpress\/ -->\n<title>Qui\u00e9nes somos - ArtBarcelona.<\/title>\n<meta name=\"robots\" content=\"index, follow, max-snippet:-1, max-image-preview:large, max-video-preview:-1\" \/>\n<link rel=\"canonical\" href=\"https:\/\/www.artbarcelona.es\/es\/quienes-somos\/\" \/>\n<meta property=\"og:locale\" content=\"es_ES\" \/>\n<meta property=\"og:type\" content=\"article\" \/>\n<meta property=\"og:title\" content=\"Qui\u00e9nes somos - ArtBarcelona.\" \/>\n<meta property=\"og:description\" content=\"Qu\u00e9 hacemos\" \/>\n<meta property=\"og:url\" content=\"https:\/\/www.artbarcelona.es\/es\/quienes-somos\/\" \/>\n<meta property=\"og:site_name\" content=\"ArtBarcelona.\" \/>\n<meta property=\"article:modified_time\" content=\"2025-11-27T13:10:19+00:00\" \/>\n<meta property=\"og:image\" content=\"https:\/\/www.artbarcelona.es\/wp-content\/uploads\/2024\/08\/Logo-Abe-Brossa.png\" \/>\n\t<meta property=\"og:image:width\" content=\"323\" \/>\n\t<meta property=\"og:image:height\" content=\"294\" \/>\n\t<meta property=\"og:image:type\" content=\"image\/png\" \/>\n<meta name=\"twitter:card\" content=\"summary_large_image\" \/>\n<meta name=\"twitter:label1\" content=\"Tiempo de lectura\" \/>\n\t<meta name=\"twitter:data1\" content=\"8 minutos\" \/>\n<script type=\"application\/ld+json\" class=\"yoast-schema-graph\">{\"@context\":\"https:\/\/schema.org\",\"@graph\":[{\"@type\":\"WebPage\",\"@id\":\"https:\/\/www.artbarcelona.es\/es\/quienes-somos\/\",\"url\":\"https:\/\/www.artbarcelona.es\/es\/quienes-somos\/\",\"name\":\"Qui\u00e9nes somos - ArtBarcelona.\",\"isPartOf\":{\"@id\":\"https:\/\/www.artbarcelona.es\/#website\"},\"primaryImageOfPage\":{\"@id\":\"https:\/\/www.artbarcelona.es\/es\/quienes-somos\/#primaryimage\"},\"image\":{\"@id\":\"https:\/\/www.artbarcelona.es\/es\/quienes-somos\/#primaryimage\"},\"thumbnailUrl\":\"http:\/\/www.artbarcelona.es\/wp-content\/uploads\/2024\/08\/Logo-Abe-Brossa.png\",\"datePublished\":\"2015-02-25T15:40:58+00:00\",\"dateModified\":\"2025-11-27T13:10:19+00:00\",\"breadcrumb\":{\"@id\":\"https:\/\/www.artbarcelona.es\/es\/quienes-somos\/#breadcrumb\"},\"inLanguage\":\"es\",\"potentialAction\":[{\"@type\":\"ReadAction\",\"target\":[\"https:\/\/www.artbarcelona.es\/es\/quienes-somos\/\"]}]},{\"@type\":\"ImageObject\",\"inLanguage\":\"es\",\"@id\":\"https:\/\/www.artbarcelona.es\/es\/quienes-somos\/#primaryimage\",\"url\":\"http:\/\/www.artbarcelona.es\/wp-content\/uploads\/2024\/08\/Logo-Abe-Brossa.png\",\"contentUrl\":\"http:\/\/www.artbarcelona.es\/wp-content\/uploads\/2024\/08\/Logo-Abe-Brossa.png\"},{\"@type\":\"BreadcrumbList\",\"@id\":\"https:\/\/www.artbarcelona.es\/es\/quienes-somos\/#breadcrumb\",\"itemListElement\":[{\"@type\":\"ListItem\",\"position\":1,\"name\":\"Portada\",\"item\":\"https:\/\/www.artbarcelona.es\/es\/\"},{\"@type\":\"ListItem\",\"position\":2,\"name\":\"Qui\u00e9nes somos\"}]},{\"@type\":\"WebSite\",\"@id\":\"https:\/\/www.artbarcelona.es\/#website\",\"url\":\"https:\/\/www.artbarcelona.es\/\",\"name\":\"ArtBarcelona.\",\"description\":\"Altre lloc gestionat amb el WordPress\",\"publisher\":{\"@id\":\"https:\/\/www.artbarcelona.es\/#organization\"},\"potentialAction\":[{\"@type\":\"SearchAction\",\"target\":{\"@type\":\"EntryPoint\",\"urlTemplate\":\"https:\/\/www.artbarcelona.es\/?s={search_term_string}\"},\"query-input\":{\"@type\":\"PropertyValueSpecification\",\"valueRequired\":true,\"valueName\":\"search_term_string\"}}],\"inLanguage\":\"es\"},{\"@type\":\"Organization\",\"@id\":\"https:\/\/www.artbarcelona.es\/#organization\",\"name\":\"ArtBarcelona.\",\"url\":\"https:\/\/www.artbarcelona.es\/\",\"logo\":{\"@type\":\"ImageObject\",\"inLanguage\":\"es\",\"@id\":\"https:\/\/www.artbarcelona.es\/#\/schema\/logo\/image\/\",\"url\":\"https:\/\/www.artbarcelona.es\/wp-content\/uploads\/2024\/08\/logo-artb.svg\",\"contentUrl\":\"https:\/\/www.artbarcelona.es\/wp-content\/uploads\/2024\/08\/logo-artb.svg\",\"width\":139,\"height\":51,\"caption\":\"ArtBarcelona.\"},\"image\":{\"@id\":\"https:\/\/www.artbarcelona.es\/#\/schema\/logo\/image\/\"}}]}<\/script>\n<!-- \/ Yoast SEO plugin. -->","yoast_head_json":{"title":"Qui\u00e9nes somos - ArtBarcelona.","robots":{"index":"index","follow":"follow","max-snippet":"max-snippet:-1","max-image-preview":"max-image-preview:large","max-video-preview":"max-video-preview:-1"},"canonical":"https:\/\/www.artbarcelona.es\/es\/quienes-somos\/","og_locale":"es_ES","og_type":"article","og_title":"Qui\u00e9nes somos - ArtBarcelona.","og_description":"Qu\u00e9 hacemos","og_url":"https:\/\/www.artbarcelona.es\/es\/quienes-somos\/","og_site_name":"ArtBarcelona.","article_modified_time":"2025-11-27T13:10:19+00:00","og_image":[{"width":323,"height":294,"url":"https:\/\/www.artbarcelona.es\/wp-content\/uploads\/2024\/08\/Logo-Abe-Brossa.png","type":"image\/png"}],"twitter_card":"summary_large_image","twitter_misc":{"Tiempo de lectura":"8 minutos"},"schema":{"@context":"https:\/\/schema.org","@graph":[{"@type":"WebPage","@id":"https:\/\/www.artbarcelona.es\/es\/quienes-somos\/","url":"https:\/\/www.artbarcelona.es\/es\/quienes-somos\/","name":"Qui\u00e9nes somos - ArtBarcelona.","isPartOf":{"@id":"https:\/\/www.artbarcelona.es\/#website"},"primaryImageOfPage":{"@id":"https:\/\/www.artbarcelona.es\/es\/quienes-somos\/#primaryimage"},"image":{"@id":"https:\/\/www.artbarcelona.es\/es\/quienes-somos\/#primaryimage"},"thumbnailUrl":"http:\/\/www.artbarcelona.es\/wp-content\/uploads\/2024\/08\/Logo-Abe-Brossa.png","datePublished":"2015-02-25T15:40:58+00:00","dateModified":"2025-11-27T13:10:19+00:00","breadcrumb":{"@id":"https:\/\/www.artbarcelona.es\/es\/quienes-somos\/#breadcrumb"},"inLanguage":"es","potentialAction":[{"@type":"ReadAction","target":["https:\/\/www.artbarcelona.es\/es\/quienes-somos\/"]}]},{"@type":"ImageObject","inLanguage":"es","@id":"https:\/\/www.artbarcelona.es\/es\/quienes-somos\/#primaryimage","url":"http:\/\/www.artbarcelona.es\/wp-content\/uploads\/2024\/08\/Logo-Abe-Brossa.png","contentUrl":"http:\/\/www.artbarcelona.es\/wp-content\/uploads\/2024\/08\/Logo-Abe-Brossa.png"},{"@type":"BreadcrumbList","@id":"https:\/\/www.artbarcelona.es\/es\/quienes-somos\/#breadcrumb","itemListElement":[{"@type":"ListItem","position":1,"name":"Portada","item":"https:\/\/www.artbarcelona.es\/es\/"},{"@type":"ListItem","position":2,"name":"Qui\u00e9nes somos"}]},{"@type":"WebSite","@id":"https:\/\/www.artbarcelona.es\/#website","url":"https:\/\/www.artbarcelona.es\/","name":"ArtBarcelona.","description":"Altre lloc gestionat amb el WordPress","publisher":{"@id":"https:\/\/www.artbarcelona.es\/#organization"},"potentialAction":[{"@type":"SearchAction","target":{"@type":"EntryPoint","urlTemplate":"https:\/\/www.artbarcelona.es\/?s={search_term_string}"},"query-input":{"@type":"PropertyValueSpecification","valueRequired":true,"valueName":"search_term_string"}}],"inLanguage":"es"},{"@type":"Organization","@id":"https:\/\/www.artbarcelona.es\/#organization","name":"ArtBarcelona.","url":"https:\/\/www.artbarcelona.es\/","logo":{"@type":"ImageObject","inLanguage":"es","@id":"https:\/\/www.artbarcelona.es\/#\/schema\/logo\/image\/","url":"https:\/\/www.artbarcelona.es\/wp-content\/uploads\/2024\/08\/logo-artb.svg","contentUrl":"https:\/\/www.artbarcelona.es\/wp-content\/uploads\/2024\/08\/logo-artb.svg","width":139,"height":51,"caption":"ArtBarcelona."},"image":{"@id":"https:\/\/www.artbarcelona.es\/#\/schema\/logo\/image\/"}}]}},"_links":{"self":[{"href":"https:\/\/www.artbarcelona.es\/es\/wp-json\/wp\/v2\/pages\/721","targetHints":{"allow":["GET"]}}],"collection":[{"href":"https:\/\/www.artbarcelona.es\/es\/wp-json\/wp\/v2\/pages"}],"about":[{"href":"https:\/\/www.artbarcelona.es\/es\/wp-json\/wp\/v2\/types\/page"}],"author":[{"embeddable":true,"href":"https:\/\/www.artbarcelona.es\/es\/wp-json\/wp\/v2\/users\/1"}],"replies":[{"embeddable":true,"href":"https:\/\/www.artbarcelona.es\/es\/wp-json\/wp\/v2\/comments?post=721"}],"version-history":[{"count":0,"href":"https:\/\/www.artbarcelona.es\/es\/wp-json\/wp\/v2\/pages\/721\/revisions"}],"wp:attachment":[{"href":"https:\/\/www.artbarcelona.es\/es\/wp-json\/wp\/v2\/media?parent=721"}],"curies":[{"name":"wp","href":"https:\/\/api.w.org\/{rel}","templated":true}]}}