{"id":8504,"date":"2024-08-30T23:48:48","date_gmt":"2024-08-30T22:48:48","guid":{"rendered":"http:\/\/www.artbarcelona.es\/?page_id=8504"},"modified":"2026-04-23T11:27:50","modified_gmt":"2026-04-23T10:27:50","slug":"barcelona-gallery-weekend","status":"publish","type":"page","link":"https:\/\/www.artbarcelona.es\/es\/barcelona-gallery-weekend\/","title":{"rendered":"Barcelona Gallery Weekend"},"content":{"rendered":"\n<section class=\"wp-block-group mt-0 pt-0 has-global-padding is-layout-constrained wp-block-group-is-layout-constrained\">\n<div class=\"wp-block-group has-global-padding is-layout-constrained wp-block-group-is-layout-constrained\">\n<div class=\"wp-block-jupa-bootstrap-row\"><div class=\"row row-cols-1 row-cols-md-2 flex-md-row-reverse\">\n<div class=\"wp-block-jupa-bootstrap-row-column is-layout-flow wp-block-jupa-bootstrap-row-column-is-layout-flow\">\n<div class=\"wp-block-group has-global-padding is-layout-constrained wp-block-group-is-layout-constrained\">\n<figure class=\"wp-block-image size-large\"><a href=\"http:\/\/juanm201.sg-host.com\/wp-content\/uploads\/2024\/06\/logo-barcelona-gallery-weekend.svg\"><img decoding=\"async\" src=\"http:\/\/juanm201.sg-host.com\/wp-content\/uploads\/2024\/06\/logo-barcelona-gallery-weekend.svg\" alt=\"\" class=\"wp-image-8440\"\/><\/a><\/figure>\n<\/div>\n<\/div>\n\n\n\n<div class=\"wp-block-jupa-bootstrap-row-column is-layout-flow wp-block-jupa-bootstrap-row-column-is-layout-flow\">\n<div class=\"wp-block-group wrap-lines has-global-padding is-layout-constrained wp-block-group-is-layout-constrained\">\n<div class=\"wp-block-buttons is-layout-flex wp-block-buttons-is-layout-flex\">\n<div class=\"wp-block-button\"><a class=\"wp-block-button__link wp-element-button\" href=\"https:\/\/www.barcelonagalleryweekend.com\/\" target=\"_blank\" rel=\"noreferrer noopener\">www.barcelonagalleryweekend.com<\/a><\/div>\n<\/div>\n<\/div>\n<\/div>\n<\/div><\/div>\n<\/div>\n\n\n\n<div class=\"wp-block-group has-global-padding is-layout-constrained wp-block-group-is-layout-constrained\">\n<div class=\"wp-block-jupa-bootstrap-row\"><div class=\"row row-cols-1 row-cols-md-2\">\n<div class=\"wp-block-jupa-bootstrap-row-column offset-md-6 is-layout-flow wp-block-jupa-bootstrap-row-column-is-layout-flow\">\n<div class=\"wp-block-group wrap-lines d-none d-md-block has-global-padding is-layout-constrained wp-block-group-is-layout-constrained\">\n<div style=\"height:1rem\" aria-hidden=\"true\" class=\"wp-block-spacer\"><\/div>\n<\/div>\n<\/div>\n<\/div><\/div>\n<\/div>\n\n\n\n<div class=\"wp-block-group has-global-padding is-layout-constrained wp-block-group-is-layout-constrained\">\n<div class=\"wp-block-jupa-bootstrap-row\"><div class=\"row row-cols-1 row-cols-md-2 justify-content-md-end\">\n<div class=\"wp-block-jupa-bootstrap-row-column is-layout-flow wp-block-jupa-bootstrap-row-column-is-layout-flow\">\n<p>Barcelona Gallery Weekend inaugura cada a\u00f1o la temporada con una programaci\u00f3n especial en las galer\u00edas m\u00e1s relevantes de Barcelona y L\u2019Hospitalet. El programa de exposiciones, seleccionadas previamente por un comit\u00e9, se complementa con una intensa agenda de visitas comentadas, encuentros con agentes del sector, presentaciones, performances, rutas guiadas, BGW Familiar y otras actividades gratuitas en torno al arte contempor\u00e1neo y moderno en la ciudad.<\/p>\n\n\n\n<p>La 12\u00aa edici\u00f3n tendr\u00e1 lugar&nbsp;<strong>del 17 al 20 de septiembre de 2026.<\/strong><strong><\/strong><\/p>\n\n\n\n<p>El programa <strong>Barcelona Gallery Weekend PRO<\/strong> se destina a coleccionistas, curadoras\/es, cr\u00edticas\/os de arte y representantes de instituciones, tanto locales como internacionales. Incluye visitas a medida, eventos sociales y actividades exclusivas para dar a conocer la oferta art\u00edstica de Barcelona y fomentar las sinergias entre nuestras invitadas e invitados.<\/p>\n\n\n\n<p>El Programa de Adquisiciones implica a fundaciones, empresas y colecciones privadas que se comprometen a incorporar a sus colecciones obras presentadas en las galer\u00edas participantes en BGW, mostrando su apoyo al sector y contribuyendo a la dinamizaci\u00f3n del mercado, necesario para un ecosistema art\u00edstico sostenible.<\/p>\n\n\n\n<p>[+]\u00a0<strong>THE COLLECTOR IS PRESENT<\/strong>: 14-17 de mayo, 2026<br>El programa de primavera fruto de la colaboraci\u00f3n entre galeristas y coleccionistas que se materializa en una agenda de exposiciones, encuentros y conversaciones en torno a las relaciones que se establecen entre coleccionistas-galeristas-artistas, as\u00ed como las diferentes maneras de acercarse al arte y las motivaciones para adquirirlo.<\/p>\n<\/div>\n<\/div><\/div>\n<\/div>\n<\/section>\n\n\n\n<section class=\"wp-block-group alignfull mt-0 is-layout-flow wp-block-group-is-layout-flow\">\n<div class=\"wp-block-jupa-owl-carousel alignfull place-images\"><div class=\"owl-carousel owl-theme\" data-loop=\"true\" data-nav=\"true\" data-dots=\"false\" data-center=\"true\" data-margin=\"0\" data-autoplay=\"false\" data-autoplay-timeout=\"5000\" data-items=\"1\" data-small=\"1\" data-medium=\"3\" data-large=\"3\" data-xlarge=\"3\" data-animation-out=\"false\">\t<figure class=\"item is-style-ratio-3x4\">\n\t\t\t\t\t<a \n\t\t\t\thref=\"https:\/\/www.artbarcelona.es\/wp-content\/uploads\/2021\/06\/contrast-1.jpg\" \n\t\t\t\tdata-fancybox=\"block-55f50ec1-b8bb-43d0-a533-5de6d5184740\"\n\t\t\t\tdata-caption=\"\"\n\t\t\t>\n\t\t\t\t<img loading=\"lazy\" decoding=\"async\" width=\"1000\" height=\"709\" src=\"https:\/\/www.artbarcelona.es\/wp-content\/uploads\/2021\/06\/contrast-1.jpg\" class=\"attachment-full size-full\" alt=\"\" srcset=\"https:\/\/www.artbarcelona.es\/wp-content\/uploads\/2021\/06\/contrast-1.jpg 1000w, https:\/\/www.artbarcelona.es\/wp-content\/uploads\/2021\/06\/contrast-1-300x213.jpg 300w, https:\/\/www.artbarcelona.es\/wp-content\/uploads\/2021\/06\/contrast-1-768x545.jpg 768w, https:\/\/www.artbarcelona.es\/wp-content\/uploads\/2021\/06\/contrast-1-624x442.jpg 624w\" sizes=\"auto, (max-width: 1000px) 100vw, 1000px\" \/>\t\t\t<\/a>\n\t\t\t\t\t<\/figure>\n\t<figure class=\"item is-style-ratio-3x4\">\n\t\t\t\t\t<a \n\t\t\t\thref=\"https:\/\/www.artbarcelona.es\/wp-content\/uploads\/2021\/06\/1-500x333-2.jpg\" \n\t\t\t\tdata-fancybox=\"block-55f50ec1-b8bb-43d0-a533-5de6d5184740\"\n\t\t\t\tdata-caption=\"\"\n\t\t\t>\n\t\t\t\t<img loading=\"lazy\" decoding=\"async\" width=\"500\" height=\"333\" src=\"https:\/\/www.artbarcelona.es\/wp-content\/uploads\/2021\/06\/1-500x333-2.jpg\" class=\"attachment-full size-full\" alt=\"\" srcset=\"https:\/\/www.artbarcelona.es\/wp-content\/uploads\/2021\/06\/1-500x333-2.jpg 500w, https:\/\/www.artbarcelona.es\/wp-content\/uploads\/2021\/06\/1-500x333-2-300x200.jpg 300w\" sizes=\"auto, (max-width: 500px) 100vw, 500px\" \/>\t\t\t<\/a>\n\t\t\t\t\t<\/figure>\n\t<figure class=\"item is-style-ratio-3x4\">\n\t\t\t\t\t<a \n\t\t\t\thref=\"https:\/\/www.artbarcelona.es\/wp-content\/uploads\/2020\/05\/IMG_3452-scaled-1.jpg\" \n\t\t\t\tdata-fancybox=\"block-55f50ec1-b8bb-43d0-a533-5de6d5184740\"\n\t\t\t\tdata-caption=\"\"\n\t\t\t>\n\t\t\t\t<img loading=\"lazy\" decoding=\"async\" width=\"2560\" height=\"1920\" src=\"https:\/\/www.artbarcelona.es\/wp-content\/uploads\/2020\/05\/IMG_3452-scaled-1.jpg\" class=\"attachment-full size-full\" alt=\"\" srcset=\"https:\/\/www.artbarcelona.es\/wp-content\/uploads\/2020\/05\/IMG_3452-scaled-1.jpg 2560w, https:\/\/www.artbarcelona.es\/wp-content\/uploads\/2020\/05\/IMG_3452-scaled-1-300x225.jpg 300w, https:\/\/www.artbarcelona.es\/wp-content\/uploads\/2020\/05\/IMG_3452-scaled-1-1024x768.jpg 1024w, https:\/\/www.artbarcelona.es\/wp-content\/uploads\/2020\/05\/IMG_3452-scaled-1-768x576.jpg 768w, https:\/\/www.artbarcelona.es\/wp-content\/uploads\/2020\/05\/IMG_3452-scaled-1-1536x1152.jpg 1536w, https:\/\/www.artbarcelona.es\/wp-content\/uploads\/2020\/05\/IMG_3452-scaled-1-2048x1536.jpg 2048w, https:\/\/www.artbarcelona.es\/wp-content\/uploads\/2020\/05\/IMG_3452-scaled-1-624x468.jpg 624w\" sizes=\"auto, (max-width: 2560px) 100vw, 2560px\" \/>\t\t\t<\/a>\n\t\t\t\t\t<\/figure>\n\t<figure class=\"item is-style-ratio-3x4\">\n\t\t\t\t\t<a \n\t\t\t\thref=\"https:\/\/www.artbarcelona.es\/wp-content\/uploads\/2015\/01\/unnamed-15.jpg\" \n\t\t\t\tdata-fancybox=\"block-55f50ec1-b8bb-43d0-a533-5de6d5184740\"\n\t\t\t\tdata-caption=\"\"\n\t\t\t>\n\t\t\t\t<img loading=\"lazy\" decoding=\"async\" width=\"512\" height=\"384\" src=\"https:\/\/www.artbarcelona.es\/wp-content\/uploads\/2015\/01\/unnamed-15.jpg\" class=\"attachment-full size-full\" alt=\"\" srcset=\"https:\/\/www.artbarcelona.es\/wp-content\/uploads\/2015\/01\/unnamed-15.jpg 512w, https:\/\/www.artbarcelona.es\/wp-content\/uploads\/2015\/01\/unnamed-15-300x225.jpg 300w\" sizes=\"auto, (max-width: 512px) 100vw, 512px\" \/>\t\t\t<\/a>\n\t\t\t\t\t<\/figure>\n\t<figure class=\"item is-style-ratio-3x4\">\n\t\t\t\t\t<a \n\t\t\t\thref=\"https:\/\/www.artbarcelona.es\/wp-content\/uploads\/2021\/06\/pigment-gallery.jpg\" \n\t\t\t\tdata-fancybox=\"block-55f50ec1-b8bb-43d0-a533-5de6d5184740\"\n\t\t\t\tdata-caption=\"\"\n\t\t\t>\n\t\t\t\t<img loading=\"lazy\" decoding=\"async\" width=\"1190\" height=\"620\" src=\"https:\/\/www.artbarcelona.es\/wp-content\/uploads\/2021\/06\/pigment-gallery.jpg\" class=\"attachment-full size-full\" alt=\"\" srcset=\"https:\/\/www.artbarcelona.es\/wp-content\/uploads\/2021\/06\/pigment-gallery.jpg 1190w, https:\/\/www.artbarcelona.es\/wp-content\/uploads\/2021\/06\/pigment-gallery-300x156.jpg 300w, https:\/\/www.artbarcelona.es\/wp-content\/uploads\/2021\/06\/pigment-gallery-1024x534.jpg 1024w, https:\/\/www.artbarcelona.es\/wp-content\/uploads\/2021\/06\/pigment-gallery-768x400.jpg 768w, https:\/\/www.artbarcelona.es\/wp-content\/uploads\/2021\/06\/pigment-gallery-624x325.jpg 624w\" sizes=\"auto, (max-width: 1190px) 100vw, 1190px\" \/>\t\t\t<\/a>\n\t\t\t\t\t<\/figure>\n\t<figure class=\"item is-style-ratio-3x4\">\n\t\t\t\t\t<a \n\t\t\t\thref=\"https:\/\/www.artbarcelona.es\/wp-content\/uploads\/2015\/01\/unnamed-16.jpg\" \n\t\t\t\tdata-fancybox=\"block-55f50ec1-b8bb-43d0-a533-5de6d5184740\"\n\t\t\t\tdata-caption=\"\"\n\t\t\t>\n\t\t\t\t<img loading=\"lazy\" decoding=\"async\" width=\"512\" height=\"341\" src=\"https:\/\/www.artbarcelona.es\/wp-content\/uploads\/2015\/01\/unnamed-16.jpg\" class=\"attachment-full size-full\" alt=\"\" srcset=\"https:\/\/www.artbarcelona.es\/wp-content\/uploads\/2015\/01\/unnamed-16.jpg 512w, https:\/\/www.artbarcelona.es\/wp-content\/uploads\/2015\/01\/unnamed-16-300x200.jpg 300w\" sizes=\"auto, (max-width: 512px) 100vw, 512px\" \/>\t\t\t<\/a>\n\t\t\t\t\t<\/figure>\n<\/div><\/div>\n<\/section>\n\n\n\n<section class=\"wp-block-group mt-0 has-global-padding is-layout-constrained wp-block-group-is-layout-constrained\">\n<p class=\"has-large-font-size\">Nuestros eventos anuales<\/p>\n\n\n\n<div class=\"wp-block-group section-events has-global-padding is-layout-constrained wp-block-group-is-layout-constrained\">\n<div class=\"wp-block-jupa-bootstrap-row section-bgw-an\"><div class=\"row row-cols-md-2 g-xxl-5\">\n<div class=\"wp-block-jupa-bootstrap-row-column is-layout-flow wp-block-jupa-bootstrap-row-column-is-layout-flow\">\n<div class=\"wp-block-group wrap-lines has-global-padding is-layout-constrained wp-block-group-is-layout-constrained\">\n<h3 class=\"wp-block-heading has-x-large-font-size\">Barcelona <br>Gallery Weekend<\/h3>\n<\/div>\n\n\n\n<figure class=\"wp-block-image size-full\"><img loading=\"lazy\" decoding=\"async\" width=\"595\" height=\"842\" src=\"https:\/\/www.artbarcelona.es\/wp-content\/uploads\/2024\/09\/BGW2026_TCIP_portada_popup.jpg\" alt=\"\" class=\"wp-image-9634\" srcset=\"https:\/\/www.artbarcelona.es\/wp-content\/uploads\/2024\/09\/BGW2026_TCIP_portada_popup.jpg 595w, https:\/\/www.artbarcelona.es\/wp-content\/uploads\/2024\/09\/BGW2026_TCIP_portada_popup-424x600.jpg 424w\" sizes=\"auto, (max-width: 595px) 100vw, 595px\" \/><\/figure>\n\n\n\n<p>Barcelona Gallery Weekend celebra cada a\u00f1o la temporada art\u00edstica con una programaci\u00f3n especial en las galer\u00edas m\u00e1s relevantes de Barcelona y L&#8217;Hospitalet.<\/p>\n\n\n\n<div class=\"wp-block-buttons is-layout-flex wp-block-buttons-is-layout-flex\">\n<div class=\"wp-block-button is-style-alternative d-none d-md-block\"><a class=\"wp-block-button__link wp-element-button\" href=\"http:\/\/www.artbarcelona.es\/es\/barcelona-gallery-weekend\/\">Leer m\u00e1s<\/a><\/div>\n<\/div>\n<\/div>\n\n\n\n<div class=\"wp-block-jupa-bootstrap-row-column is-layout-flow wp-block-jupa-bootstrap-row-column-is-layout-flow\">\n<div class=\"wp-block-group wrap-lines has-global-padding is-layout-constrained wp-block-group-is-layout-constrained\">\n<h3 class=\"wp-block-heading has-x-large-font-size\">Art <br>Nou<\/h3>\n<\/div>\n\n\n\n<figure class=\"wp-block-image size-large\"><img loading=\"lazy\" decoding=\"async\" width=\"819\" height=\"1024\" src=\"http:\/\/www.artbarcelona.es\/wp-content\/uploads\/2024\/08\/savethedate_29maig_1-819x1024.jpg\" alt=\"\" class=\"wp-image-9504\" srcset=\"https:\/\/www.artbarcelona.es\/wp-content\/uploads\/2024\/08\/savethedate_29maig_1-819x1024.jpg 819w, https:\/\/www.artbarcelona.es\/wp-content\/uploads\/2024\/08\/savethedate_29maig_1-480x600.jpg 480w, https:\/\/www.artbarcelona.es\/wp-content\/uploads\/2024\/08\/savethedate_29maig_1-768x960.jpg 768w, https:\/\/www.artbarcelona.es\/wp-content\/uploads\/2024\/08\/savethedate_29maig_1.jpg 1080w\" sizes=\"auto, (max-width: 819px) 100vw, 819px\" \/><\/figure>\n\n\n\n<p>Art Nou es el festival emergente de Barcelona y L&#8217;Hospitalet, que promueve el trabajo de j\u00f3venes creadores en galer\u00edas y espacios independientes.<\/p>\n\n\n\n<div class=\"wp-block-buttons is-layout-flex wp-block-buttons-is-layout-flex\">\n<div class=\"wp-block-button is-style-alternative d-none d-md-block\"><a class=\"wp-block-button__link wp-element-button\" href=\"http:\/\/www.artbarcelona.es\/es\/art-nou\/\">Leer m\u00e1s<\/a><\/div>\n<\/div>\n<\/div>\n<\/div><\/div>\n<\/div>\n<\/section>\n","protected":false},"excerpt":{"rendered":"<p>Nuestros eventos anuales<\/p>\n","protected":false},"author":1,"featured_media":9362,"parent":0,"menu_order":3,"comment_status":"closed","ping_status":"closed","template":"","meta":{"inline_featured_image":false,"footnotes":""},"class_list":["post-8504","page","type-page","status-publish","has-post-thumbnail","hentry"],"yoast_head":"<!-- This site is optimized with the Yoast SEO plugin v27.0 - https:\/\/yoast.com\/product\/yoast-seo-wordpress\/ -->\n<title>Barcelona Gallery Weekend - ArtBarcelona.<\/title>\n<meta name=\"robots\" content=\"index, follow, max-snippet:-1, max-image-preview:large, max-video-preview:-1\" \/>\n<link rel=\"canonical\" href=\"https:\/\/www.artbarcelona.es\/es\/barcelona-gallery-weekend\/\" \/>\n<meta property=\"og:locale\" content=\"es_ES\" \/>\n<meta property=\"og:type\" content=\"article\" \/>\n<meta property=\"og:title\" content=\"Barcelona Gallery Weekend - ArtBarcelona.\" \/>\n<meta property=\"og:description\" content=\"Nuestros eventos anuales\" \/>\n<meta property=\"og:url\" content=\"https:\/\/www.artbarcelona.es\/es\/barcelona-gallery-weekend\/\" \/>\n<meta property=\"og:site_name\" content=\"ArtBarcelona.\" \/>\n<meta property=\"article:modified_time\" content=\"2026-04-23T10:27:50+00:00\" \/>\n<meta property=\"og:image\" content=\"http:\/\/www.artbarcelona.es\/wp-content\/uploads\/2024\/09\/ArtBarcelona-Avatar.jpg\" \/>\n\t<meta property=\"og:image:width\" content=\"512\" \/>\n\t<meta property=\"og:image:height\" content=\"512\" \/>\n\t<meta property=\"og:image:type\" content=\"image\/jpeg\" \/>\n<meta name=\"twitter:card\" content=\"summary_large_image\" \/>\n<meta name=\"twitter:label1\" content=\"Tiempo de lectura\" \/>\n\t<meta name=\"twitter:data1\" content=\"3 minutos\" \/>\n<script type=\"application\/ld+json\" class=\"yoast-schema-graph\">{\"@context\":\"https:\/\/schema.org\",\"@graph\":[{\"@type\":\"WebPage\",\"@id\":\"https:\/\/www.artbarcelona.es\/es\/barcelona-gallery-weekend\/\",\"url\":\"https:\/\/www.artbarcelona.es\/es\/barcelona-gallery-weekend\/\",\"name\":\"Barcelona Gallery Weekend - ArtBarcelona.\",\"isPartOf\":{\"@id\":\"https:\/\/www.artbarcelona.es\/#website\"},\"primaryImageOfPage\":{\"@id\":\"https:\/\/www.artbarcelona.es\/es\/barcelona-gallery-weekend\/#primaryimage\"},\"image\":{\"@id\":\"https:\/\/www.artbarcelona.es\/es\/barcelona-gallery-weekend\/#primaryimage\"},\"thumbnailUrl\":\"https:\/\/www.artbarcelona.es\/wp-content\/uploads\/2024\/09\/ArtBarcelona-Avatar.jpg\",\"datePublished\":\"2024-08-30T22:48:48+00:00\",\"dateModified\":\"2026-04-23T10:27:50+00:00\",\"breadcrumb\":{\"@id\":\"https:\/\/www.artbarcelona.es\/es\/barcelona-gallery-weekend\/#breadcrumb\"},\"inLanguage\":\"es\",\"potentialAction\":[{\"@type\":\"ReadAction\",\"target\":[\"https:\/\/www.artbarcelona.es\/es\/barcelona-gallery-weekend\/\"]}]},{\"@type\":\"ImageObject\",\"inLanguage\":\"es\",\"@id\":\"https:\/\/www.artbarcelona.es\/es\/barcelona-gallery-weekend\/#primaryimage\",\"url\":\"https:\/\/www.artbarcelona.es\/wp-content\/uploads\/2024\/09\/ArtBarcelona-Avatar.jpg\",\"contentUrl\":\"https:\/\/www.artbarcelona.es\/wp-content\/uploads\/2024\/09\/ArtBarcelona-Avatar.jpg\",\"width\":512,\"height\":512},{\"@type\":\"BreadcrumbList\",\"@id\":\"https:\/\/www.artbarcelona.es\/es\/barcelona-gallery-weekend\/#breadcrumb\",\"itemListElement\":[{\"@type\":\"ListItem\",\"position\":1,\"name\":\"Portada\",\"item\":\"https:\/\/www.artbarcelona.es\/es\/\"},{\"@type\":\"ListItem\",\"position\":2,\"name\":\"Barcelona Gallery Weekend\"}]},{\"@type\":\"WebSite\",\"@id\":\"https:\/\/www.artbarcelona.es\/#website\",\"url\":\"https:\/\/www.artbarcelona.es\/\",\"name\":\"ArtBarcelona.\",\"description\":\"Altre lloc gestionat amb el WordPress\",\"publisher\":{\"@id\":\"https:\/\/www.artbarcelona.es\/#organization\"},\"potentialAction\":[{\"@type\":\"SearchAction\",\"target\":{\"@type\":\"EntryPoint\",\"urlTemplate\":\"https:\/\/www.artbarcelona.es\/?s={search_term_string}\"},\"query-input\":{\"@type\":\"PropertyValueSpecification\",\"valueRequired\":true,\"valueName\":\"search_term_string\"}}],\"inLanguage\":\"es\"},{\"@type\":\"Organization\",\"@id\":\"https:\/\/www.artbarcelona.es\/#organization\",\"name\":\"ArtBarcelona.\",\"url\":\"https:\/\/www.artbarcelona.es\/\",\"logo\":{\"@type\":\"ImageObject\",\"inLanguage\":\"es\",\"@id\":\"https:\/\/www.artbarcelona.es\/#\/schema\/logo\/image\/\",\"url\":\"https:\/\/www.artbarcelona.es\/wp-content\/uploads\/2024\/08\/logo-artb.svg\",\"contentUrl\":\"https:\/\/www.artbarcelona.es\/wp-content\/uploads\/2024\/08\/logo-artb.svg\",\"width\":139,\"height\":51,\"caption\":\"ArtBarcelona.\"},\"image\":{\"@id\":\"https:\/\/www.artbarcelona.es\/#\/schema\/logo\/image\/\"}}]}<\/script>\n<!-- \/ Yoast SEO plugin. -->","yoast_head_json":{"title":"Barcelona Gallery Weekend - ArtBarcelona.","robots":{"index":"index","follow":"follow","max-snippet":"max-snippet:-1","max-image-preview":"max-image-preview:large","max-video-preview":"max-video-preview:-1"},"canonical":"https:\/\/www.artbarcelona.es\/es\/barcelona-gallery-weekend\/","og_locale":"es_ES","og_type":"article","og_title":"Barcelona Gallery Weekend - ArtBarcelona.","og_description":"Nuestros eventos anuales","og_url":"https:\/\/www.artbarcelona.es\/es\/barcelona-gallery-weekend\/","og_site_name":"ArtBarcelona.","article_modified_time":"2026-04-23T10:27:50+00:00","og_image":[{"width":512,"height":512,"url":"http:\/\/www.artbarcelona.es\/wp-content\/uploads\/2024\/09\/ArtBarcelona-Avatar.jpg","type":"image\/jpeg"}],"twitter_card":"summary_large_image","twitter_misc":{"Tiempo de lectura":"3 minutos"},"schema":{"@context":"https:\/\/schema.org","@graph":[{"@type":"WebPage","@id":"https:\/\/www.artbarcelona.es\/es\/barcelona-gallery-weekend\/","url":"https:\/\/www.artbarcelona.es\/es\/barcelona-gallery-weekend\/","name":"Barcelona Gallery Weekend - ArtBarcelona.","isPartOf":{"@id":"https:\/\/www.artbarcelona.es\/#website"},"primaryImageOfPage":{"@id":"https:\/\/www.artbarcelona.es\/es\/barcelona-gallery-weekend\/#primaryimage"},"image":{"@id":"https:\/\/www.artbarcelona.es\/es\/barcelona-gallery-weekend\/#primaryimage"},"thumbnailUrl":"https:\/\/www.artbarcelona.es\/wp-content\/uploads\/2024\/09\/ArtBarcelona-Avatar.jpg","datePublished":"2024-08-30T22:48:48+00:00","dateModified":"2026-04-23T10:27:50+00:00","breadcrumb":{"@id":"https:\/\/www.artbarcelona.es\/es\/barcelona-gallery-weekend\/#breadcrumb"},"inLanguage":"es","potentialAction":[{"@type":"ReadAction","target":["https:\/\/www.artbarcelona.es\/es\/barcelona-gallery-weekend\/"]}]},{"@type":"ImageObject","inLanguage":"es","@id":"https:\/\/www.artbarcelona.es\/es\/barcelona-gallery-weekend\/#primaryimage","url":"https:\/\/www.artbarcelona.es\/wp-content\/uploads\/2024\/09\/ArtBarcelona-Avatar.jpg","contentUrl":"https:\/\/www.artbarcelona.es\/wp-content\/uploads\/2024\/09\/ArtBarcelona-Avatar.jpg","width":512,"height":512},{"@type":"BreadcrumbList","@id":"https:\/\/www.artbarcelona.es\/es\/barcelona-gallery-weekend\/#breadcrumb","itemListElement":[{"@type":"ListItem","position":1,"name":"Portada","item":"https:\/\/www.artbarcelona.es\/es\/"},{"@type":"ListItem","position":2,"name":"Barcelona Gallery Weekend"}]},{"@type":"WebSite","@id":"https:\/\/www.artbarcelona.es\/#website","url":"https:\/\/www.artbarcelona.es\/","name":"ArtBarcelona.","description":"Altre lloc gestionat amb el WordPress","publisher":{"@id":"https:\/\/www.artbarcelona.es\/#organization"},"potentialAction":[{"@type":"SearchAction","target":{"@type":"EntryPoint","urlTemplate":"https:\/\/www.artbarcelona.es\/?s={search_term_string}"},"query-input":{"@type":"PropertyValueSpecification","valueRequired":true,"valueName":"search_term_string"}}],"inLanguage":"es"},{"@type":"Organization","@id":"https:\/\/www.artbarcelona.es\/#organization","name":"ArtBarcelona.","url":"https:\/\/www.artbarcelona.es\/","logo":{"@type":"ImageObject","inLanguage":"es","@id":"https:\/\/www.artbarcelona.es\/#\/schema\/logo\/image\/","url":"https:\/\/www.artbarcelona.es\/wp-content\/uploads\/2024\/08\/logo-artb.svg","contentUrl":"https:\/\/www.artbarcelona.es\/wp-content\/uploads\/2024\/08\/logo-artb.svg","width":139,"height":51,"caption":"ArtBarcelona."},"image":{"@id":"https:\/\/www.artbarcelona.es\/#\/schema\/logo\/image\/"}}]}},"_links":{"self":[{"href":"https:\/\/www.artbarcelona.es\/es\/wp-json\/wp\/v2\/pages\/8504","targetHints":{"allow":["GET"]}}],"collection":[{"href":"https:\/\/www.artbarcelona.es\/es\/wp-json\/wp\/v2\/pages"}],"about":[{"href":"https:\/\/www.artbarcelona.es\/es\/wp-json\/wp\/v2\/types\/page"}],"author":[{"embeddable":true,"href":"https:\/\/www.artbarcelona.es\/es\/wp-json\/wp\/v2\/users\/1"}],"replies":[{"embeddable":true,"href":"https:\/\/www.artbarcelona.es\/es\/wp-json\/wp\/v2\/comments?post=8504"}],"version-history":[{"count":0,"href":"https:\/\/www.artbarcelona.es\/es\/wp-json\/wp\/v2\/pages\/8504\/revisions"}],"wp:featuredmedia":[{"embeddable":true,"href":"https:\/\/www.artbarcelona.es\/es\/wp-json\/wp\/v2\/media\/9362"}],"wp:attachment":[{"href":"https:\/\/www.artbarcelona.es\/es\/wp-json\/wp\/v2\/media?parent=8504"}],"curies":[{"name":"wp","href":"https:\/\/api.w.org\/{rel}","templated":true}]}}